{"id":1495,"date":"2012-07-04T11:36:53","date_gmt":"2012-07-04T13:36:53","guid":{"rendered":"http:\/\/foccosti.com.br\/site\/?page_id=1495"},"modified":"2014-09-15T16:57:39","modified_gmt":"2014-09-15T16:57:39","slug":"suporte-e-manutencao-em-ti-e-redes","status":"publish","type":"page","link":"https:\/\/foccosti.com.br\/site\/suporte-e-manutencao-em-ti-e-redes\/","title":{"rendered":"Suporte e Manuten\u00e7\u00e3o em Ti e Redes"},"content":{"rendered":"<div class=\"zoomTexto\">\n<h3>Tamanho Fonte<\/h3>\n<p> <a href=\"javascript:void(0)\" class=\"diminiu\">A-<\/a><a href=\"javascript:void(0)\" class=\"normal\">A<\/a><a href=\"javascript:void(0)\" class=\"aumenta\">A+<\/a>\n<\/div>\n<h2>SUPORTE E MANUTEN\u00c7\u00c3O EM \u00a0REDES e SERVIDORES<\/h2>\n<p>Contratos de Manuten\u00e7\u00e3o<br \/>\nProjetos, instala\u00e7\u00e3o e configura\u00e7\u00e3o de redes<br \/>\nConfigura\u00e7\u00e3o de Esta\u00e7\u00f5es de Trabalho<br \/>\nAtendimento no local<br \/>\nAtendimento imediato de forma remota<br \/>\nSistema automatizado de backup<br \/>\nVPN -&gt; conex\u00e3o de dados entre filiais<br \/>\nProjeto, instala\u00e7\u00e3o e administra\u00e7\u00e3o de Servidores.<br \/>\nImplementa\u00e7\u00e3o de servi\u00e7os de FTP, proxy, e-mail e VPN<br \/>\nAcompanhamento e Suporte a Redes<br \/>\nProgramas de Prote\u00e7\u00e3o de Rede<br \/>\n(Restri\u00e7\u00f5es de Internet, Seguran\u00e7a)<br \/>\nAcompanhamento e Suporte a Redes<\/p>\n<p>Contando com laborat\u00f3rio de altamente equipado, dispomos de t\u00e9cnicos experientes e com forma\u00e7\u00e3o t\u00e9cnica, prontos para resolver as suas d\u00favidas e solucionar os seus problemas. Com uma estrutura transparente, objetivamos facilitar o entendimento da inform\u00e1tica, e n\u00e3o complic\u00e1-la, permitindo sua liberdade para escolhas com confiabilidade e suporte t\u00e9cnico.<\/p>\n<p>Com assessoria os clientes recebem tamb\u00e9m orienta\u00e7\u00f5es sobre a melhor forma de serem pr\u00f3-ativos quanto a cuidados e utiliza\u00e7\u00e3o de equipamentos, evitando assim transtornos futuros.<\/p>\n<p>O objetivo da Imediata Tecnologia da Informa\u00e7\u00e3o \u00e9 manter o pleno funcionamento da sua empresa. Apresentar um pacote de solu\u00e7\u00f5es, servi\u00e7os e assessoria, centralizando assim toda a \u00e1rea de inform\u00e1tica em uma parceria com qualidade, confiabilidade e redu\u00e7\u00e3o de custos. Elaboramos um contrato adequado as suas necessidades, evitando excessos e desperd\u00edcios desnecess\u00e1rios.<\/p>\n<h2>ASSIST\u00caNCIA T\u00c9CNICA PREVENTIVA<\/h2>\n<p>Buscamos personalizar em conjunto com sua empresa a execu\u00e7\u00e3o de servi\u00e7os de manuten\u00e7\u00e3o de inform\u00e1tica:<\/p>\n<p>Redu\u00e7\u00e3o significativa nas paradas na produ\u00e7\u00e3o por quebra de m\u00e1quinas;<br \/>\nPrever os gastos com manuten\u00e7\u00e3o antecipadamente;<br \/>\nControlar a vida \u00fatil de cada equipamento da sua empresa;<br \/>\nAux\u00edlio e orienta\u00e7\u00e3o aos usu\u00e1rios;<br \/>\nAcabar com as surpresas que ocasionam paradas na produ\u00e7\u00e3o;<br \/>\nAumentar a vida \u00fatil das m\u00e1quinas e melhorar o desempenho da empresa.<\/p>\n<p>Nosso objetivo \u00e9 que sua empresa direcione sua aten\u00e7\u00e3o exclusiva aos neg\u00f3cios!<\/p>\n<h2>SUPORTE E MANUTEN\u00c7\u00c3O DE REDES de dados<\/h2>\n<p>Atualmente, numa era onde conhecimento e informa\u00e7\u00e3o s\u00e3o fatores de suma import\u00e2ncia, seguran\u00e7a da informa\u00e7\u00e3o \u00e9 um pr\u00e9-requisito para todo e qualquer sistema de informa\u00e7\u00f5es.<\/p>\n<p>Portanto garantir a seguran\u00e7a e o correto funcionamento de sua rede \u00e9 t\u00e3o importante quanto planej\u00e1-la e implement\u00e1-la de maneira correta. Fazer a\u00a0manuten\u00e7\u00e3o\u00a0de sua rede pode prevenir problemas e pode ser de grande valia para minimizar impactos maiores.<\/p>\n<p>A Seguran\u00e7a de Rede, pode ser dividida didaticamente, em tr\u00eas grandes \u00e1reas: a defesa contra cat\u00e1strofes, defesa contra falhas previs\u00edveis e a defesa contra atividades n\u00e3o autorizadas.<\/p>\n<p>Ela envolve diferentes \u00e1reas, sendo que as principais s\u00e3o:<\/p>\n<p>Criptografia<br \/>\nGest\u00e3o de Chaves P\u00fablicas<br \/>\nVulnerabilidade em M\u00e1quinas de Sistemas Distribu\u00eddos<br \/>\nVulnerabilidade em Redes Locais e de Grande Escala<br \/>\nFirewalls<br \/>\nSistemas de Detec\u00e7\u00e3o de Intrus\u00f5es<br \/>\nRedes Privadas Virtuais (VPN)<br \/>\nSeguran\u00e7a em Redes Sem Fios<\/p>\n<h2>CONTRATO DE SUPORTE EM INFORM\u00c1TICA<\/h2>\n<p>Solu\u00e7\u00f5es de TI que\u00a0<strong>aumentam a produtividade<\/strong>\u00a0para as empresas.\u00a0<strong>Redu\u00e7\u00e3o de incidentes<\/strong>\u00a0com planejamento e gerenciamento e visitas programadas. Body-slice \u00e9 um novo conceito de atendimento de TI para pequenas e medias Empresas.<\/p>\n<p>Aumento de produtividade com Planejamento, Gerenciamento e Redu\u00e7\u00e3o dos incidentes, gerando estabilidade e produtividade do ambiente de TI.<\/p>\n<h3><strong>Atendimento Completo<\/strong><\/h3>\n<p>Atua\u00e7\u00e3o em 3 camadas, (Consultoria, Gerenciamento e suporte)<br \/>\nAlinhamento com as estrat\u00e9gias e necessidades do neg\u00f3cio<br \/>\nAuditorias peri\u00f3dicas dos Pontos Vitais de TI<br \/>\nBusca de conformidade<br \/>\nDocumenta\u00e7\u00e3o do ambiente<br \/>\nConformidade com as melhores praticas (ITIL)<\/p>\n<h3><strong><\/strong>Help Desk<\/h3>\n<p>Atendimento r\u00e1pido e eficiente e com seguran\u00e7a dentro dos prazos acordados no contrato.<br \/>\nMonitoramento dos pontos vitais (Seguran\u00e7a, servidores e backup)<br \/>\nRelat\u00f3rio se conformidade e alertas de falhas no processo.<br \/>\nSuporte remoto para solu\u00e7\u00e3o de incidentes.<\/p>\n<h3 style=\"text-align: left;\" align=\"center\"><strong>Procedimentos Padronizados<\/strong><\/h3>\n<p style=\"text-align: left;\" align=\"center\">Atrav\u00e9s de procedimentos Operacionais Padronizados estabelecemos uma base de conhecimento e padronizamos as acoes do nosso pessoal mantendo um ambiente altamente disciplinado.<\/p>\n<h2><strong>Contratos de Suporte Body-Slice<\/strong><\/h2>\n<p>Aloca\u00e7\u00e3o de fatia de tempo de profissionais de TI<br \/>\nVisitas programadas para prevenir incidentes ( 80\/20)<br \/>\nContratos 8\u00d75 ou 24\u00d77<br \/>\nSLA para incidentes Cr\u00edticos e Urgentes<br \/>\nCobertura de falhas de hardware em at\u00e9 4 horas<br \/>\nSeguran\u00e7a gerenciada e Suporte Remoto<br \/>\nCustos Flex\u00edveis e contratos modulares<br \/>\nSolu\u00e7\u00f5es de Incidentes pelo Service-Desk ou presenciais<\/p>\n<h2><strong>Centro Autorizado de Servi\u00e7o<\/strong><\/h2>\n<p>Notebooks<br \/>\nWorkstations<br \/>\nArmazenamento<br \/>\nTape Drives<br \/>\nServidores<br \/>\nBlades<br \/>\nDesktops<br \/>\nLibraries<br \/>\nNetworking<br \/>\nThin Clients<\/p>\n<h3><strong>Projetos e Instala\u00e7\u00e3o em Ambiente Microsoft<\/strong><\/h3>\n<p>Implanta\u00e7\u00e3o de Servidores de Gerenciamento (AD), Banco de Dados (SQL) , Correio eletr\u00f4nico (Exchange)<br \/>\nPlanejamento e implanta\u00e7\u00e3o de solu\u00e7\u00f5es completas de infra-estrutura<br \/>\nMigra\u00e7\u00e3o de Desktops e Otimiza\u00e7\u00e3o de infra-estrutura (CORE IO)<br \/>\nConsultoria para cria\u00e7\u00e3o de PSI (c\u00f3digo de \u00c9tica )<br \/>\nProjetos de Cloud Computer<\/p>\n<h3><strong>Contratos de Suporte e Gerenciamento<\/strong><\/h3>\n<p>Contratos 8\u00d75 ou 24\u00d77<br \/>\nSLA para incidentes Cr\u00edticos e Urgentes<br \/>\nCobertura de falhas de hardware em at\u00e9 4 horas<br \/>\nSeguran\u00e7a gerenciada e Suporte Remoto<br \/>\nCustos Flex\u00edveis e contratos modulares<\/p>\n<h3><strong>Projetos e Instala\u00e7\u00f5es<\/strong><\/h3>\n<p>Nosso pessoal tem larga experi\u00eancia em implanta\u00e7\u00e3o e suporte de produtos e solu\u00e7\u00f5es de seguran\u00e7a de borda de medias e grandes empresas.<br \/>\nOferecemos n\u00e3o apenas os equipamentos e treinamento, mas toda nossa experi\u00eancia em planejamento e implanta\u00e7\u00e3o de solu\u00e7\u00f5es completas de seguran\u00e7a e interliga\u00e7\u00e3o de sites.<br \/>\nCria\u00e7\u00e3o de politicas de seguran\u00e7a aderente as normas ABNT<br \/>\nConsultoria para cria\u00e7\u00e3o de PSI (c\u00f3digo de Etica )<\/p>\n<h3><strong>Centro de suporte Certificado Expert<\/strong><\/h3>\n<p>Contratos de Suporte 8\u00d75 ou 24\u00d77<br \/>\nProjetos e implementa\u00e7\u00e3o de Firewall XTM<br \/>\nContratos de Mss (Suporte e Gerenciamento de Seguran\u00e7a)<br \/>\nExperi\u00eancia comprovada e conhecimento amplo<br \/>\nCria\u00e7\u00e3o e manuten\u00e7\u00e3o de pol\u00edticas de Seguran\u00e7a (PSI)<\/p>\n<p>As solu\u00e7\u00f5es de \u00e1rea de Ti de sua empresa precisam estar alinhadas \u00e0s fun\u00e7\u00f5es Vitais do Neg\u00f3cio, garantindo um plano de Continuidade e capacidade. Uma Documenta\u00e7\u00e3o de Ti permanentemente atualizada, aliada a Pol\u00edtica de seguran\u00e7a documentada e de conhecimento p\u00fablico otimizam seus processos e evitam gastos desnecess\u00e1rios. Auditorias peri\u00f3dicas evitam que as evolu\u00e7\u00f5es tecnol\u00f3gicas quebrem as regras que foram definidas na pol\u00edtica de Seguran\u00e7a.<\/p>\n<h3><strong>Suporte de Hardware<\/strong><\/h3>\n<p>Suporte de Servidores HP,IBM,DELL<br \/>\nSuporte de Desktops, Workstations e Notebooks<\/p>\n<h3><strong>Projetos e Implementa\u00e7\u00e3o CPDs<\/strong><\/h3>\n<p>Storages<br \/>\nLibraries<br \/>\nBlades<br \/>\nVirtualiza\u00e7\u00e3o, VMware, Hyperview<\/p>\n<h3><strong>Infra-Estrutura F\u00edsica<\/strong><\/h3>\n<p>Cabeamento Estruturado<br \/>\nFibra \u00f3tica Telefonia e el\u00e9trica<br \/>\nMontagem de Racks<\/p>\n<h3><strong>Projetos rede de dados e servidores windows e linux<\/strong><\/h3>\n<p>Servidores Windows Server 2003\/2008<br \/>\nExchange Server Isa Server<br \/>\nFirewall, Mail Server, Pol\u00edticas de Seguran\u00e7a, Migra\u00e7\u00e3o de desktops e Servidores<br \/>\nGovernan\u00e7a e Consultoria<br \/>\nGovernan\u00e7a e Implanta\u00e7\u00e3o de melhores Praticas (ITIL)<br \/>\nImplanta\u00e7\u00e3o de Service-desk<br \/>\nImplanta\u00e7\u00e3o de metodologia de trabalho<br \/>\nMapeamento de Pontos Vitais de TI para o neg\u00f3cio<br \/>\nAuditoria no ambiente de acordo melhores praticas<\/p>\n<h3><strong>Auditoria Externa<\/strong><\/h3>\n<p>Auditoria de TI baseada em check-lists<br \/>\nCertifica\u00e7\u00e3o de Melhores Praticas<br \/>\nRelat\u00f3rio de Vulnerabilidades e inconformidades<br \/>\nPropostas de Solu\u00e7\u00f5es<\/p>\n<h3><strong>Documenta\u00e7\u00e3o<\/strong><\/h3>\n<p>Inventario de Hardware<br \/>\nInventario de Software e Licenciamento<br \/>\nDiagrama de Rede e Vulnerabilidades<\/p>\n<h3><strong>Venda de Hardware<\/strong><\/h3>\n<p>Servidores<br \/>\nDesktops<br \/>\nRoteadores e Switchs<br \/>\nNo-breaks Racks e cabling<\/p>\n<h3><strong>Treinamento<\/strong><\/h3>\n<p>Treinamentos in Companny ou Turma Fechada<br \/>\nTreinamento ITIL, Service-desk e melhores praticas<br \/>\nTreinamento para usu\u00e1rios Finais<\/p>\n[button size=&#8221;large&#8221; color=&#8221;orange&#8221; link=&#8221;http:\/\/foccosti.com.br\/site\/orcamento\/&#8221;]solicite seu or\u00e7amento aqui[\/button]\n","protected":false},"excerpt":{"rendered":"<p>Tamanho Fonte A-AA+ SUPORTE E MANUTEN\u00c7\u00c3O EM \u00a0REDES e SERVIDORES Contratos de Manuten\u00e7\u00e3o Projetos, instala\u00e7\u00e3o e configura\u00e7\u00e3o de redes Configura\u00e7\u00e3o de Esta\u00e7\u00f5es de Trabalho Atendimento no local&#8230;<\/p>\n","protected":false},"author":1,"featured_media":0,"parent":0,"menu_order":0,"comment_status":"open","ping_status":"open","template":"fullwidth.php","meta":[],"yoast_head":"\n<title>Suporte e Manuten\u00e7\u00e3o em Ti e Redes - Foccos Tecnologia<\/title>\n<meta name=\"robots\" content=\"index, follow, max-snippet:-1, max-image-preview:large, max-video-preview:-1\" \/>\n<link rel=\"canonical\" href=\"https:\/\/foccosti.com.br\/site\/suporte-e-manutencao-em-ti-e-redes\/\" \/>\n<meta name=\"twitter:label1\" content=\"Est. tempo de leitura\" \/>\n\t<meta name=\"twitter:data1\" content=\"6 minutos\" \/>\n<script type=\"application\/ld+json\" class=\"yoast-schema-graph\">{\"@context\":\"https:\/\/schema.org\",\"@graph\":[{\"@type\":\"WebSite\",\"@id\":\"https:\/\/foccosti.com.br\/site\/#website\",\"url\":\"https:\/\/foccosti.com.br\/site\/\",\"name\":\"Foccos Tecnologia\",\"description\":\"Foccos Tecnologia - Web Site - Loja Virtual - E-commerce - Uberaba - Web Design - Sistema de Gest\u00e3o - CRM - ERP\",\"potentialAction\":[{\"@type\":\"SearchAction\",\"target\":{\"@type\":\"EntryPoint\",\"urlTemplate\":\"https:\/\/foccosti.com.br\/site\/?s={search_term_string}\"},\"query-input\":\"required name=search_term_string\"}],\"inLanguage\":\"pt-BR\"},{\"@type\":\"WebPage\",\"@id\":\"https:\/\/foccosti.com.br\/site\/suporte-e-manutencao-em-ti-e-redes\/\",\"url\":\"https:\/\/foccosti.com.br\/site\/suporte-e-manutencao-em-ti-e-redes\/\",\"name\":\"Suporte e Manuten\u00e7\u00e3o em Ti e Redes - Foccos Tecnologia\",\"isPartOf\":{\"@id\":\"https:\/\/foccosti.com.br\/site\/#website\"},\"datePublished\":\"2012-07-04T13:36:53+00:00\",\"dateModified\":\"2014-09-15T16:57:39+00:00\",\"breadcrumb\":{\"@id\":\"https:\/\/foccosti.com.br\/site\/suporte-e-manutencao-em-ti-e-redes\/#breadcrumb\"},\"inLanguage\":\"pt-BR\",\"potentialAction\":[{\"@type\":\"ReadAction\",\"target\":[\"https:\/\/foccosti.com.br\/site\/suporte-e-manutencao-em-ti-e-redes\/\"]}]},{\"@type\":\"BreadcrumbList\",\"@id\":\"https:\/\/foccosti.com.br\/site\/suporte-e-manutencao-em-ti-e-redes\/#breadcrumb\",\"itemListElement\":[{\"@type\":\"ListItem\",\"position\":1,\"name\":\"Suporte e Manuten\u00e7\u00e3o em Ti e Redes\"}]}]}<\/script>\n","yoast_head_json":{"title":"Suporte e Manuten\u00e7\u00e3o em Ti e Redes - Foccos Tecnologia","robots":{"index":"index","follow":"follow","max-snippet":"max-snippet:-1","max-image-preview":"max-image-preview:large","max-video-preview":"max-video-preview:-1"},"canonical":"https:\/\/foccosti.com.br\/site\/suporte-e-manutencao-em-ti-e-redes\/","twitter_misc":{"Est. tempo de leitura":"6 minutos"},"schema":{"@context":"https:\/\/schema.org","@graph":[{"@type":"WebSite","@id":"https:\/\/foccosti.com.br\/site\/#website","url":"https:\/\/foccosti.com.br\/site\/","name":"Foccos Tecnologia","description":"Foccos Tecnologia - Web Site - Loja Virtual - E-commerce - Uberaba - Web Design - Sistema de Gest\u00e3o - CRM - ERP","potentialAction":[{"@type":"SearchAction","target":{"@type":"EntryPoint","urlTemplate":"https:\/\/foccosti.com.br\/site\/?s={search_term_string}"},"query-input":"required name=search_term_string"}],"inLanguage":"pt-BR"},{"@type":"WebPage","@id":"https:\/\/foccosti.com.br\/site\/suporte-e-manutencao-em-ti-e-redes\/","url":"https:\/\/foccosti.com.br\/site\/suporte-e-manutencao-em-ti-e-redes\/","name":"Suporte e Manuten\u00e7\u00e3o em Ti e Redes - Foccos Tecnologia","isPartOf":{"@id":"https:\/\/foccosti.com.br\/site\/#website"},"datePublished":"2012-07-04T13:36:53+00:00","dateModified":"2014-09-15T16:57:39+00:00","breadcrumb":{"@id":"https:\/\/foccosti.com.br\/site\/suporte-e-manutencao-em-ti-e-redes\/#breadcrumb"},"inLanguage":"pt-BR","potentialAction":[{"@type":"ReadAction","target":["https:\/\/foccosti.com.br\/site\/suporte-e-manutencao-em-ti-e-redes\/"]}]},{"@type":"BreadcrumbList","@id":"https:\/\/foccosti.com.br\/site\/suporte-e-manutencao-em-ti-e-redes\/#breadcrumb","itemListElement":[{"@type":"ListItem","position":1,"name":"Suporte e Manuten\u00e7\u00e3o em Ti e Redes"}]}]}},"_links":{"self":[{"href":"https:\/\/foccosti.com.br\/site\/wp-json\/wp\/v2\/pages\/1495"}],"collection":[{"href":"https:\/\/foccosti.com.br\/site\/wp-json\/wp\/v2\/pages"}],"about":[{"href":"https:\/\/foccosti.com.br\/site\/wp-json\/wp\/v2\/types\/page"}],"author":[{"embeddable":true,"href":"https:\/\/foccosti.com.br\/site\/wp-json\/wp\/v2\/users\/1"}],"replies":[{"embeddable":true,"href":"https:\/\/foccosti.com.br\/site\/wp-json\/wp\/v2\/comments?post=1495"}],"version-history":[{"count":0,"href":"https:\/\/foccosti.com.br\/site\/wp-json\/wp\/v2\/pages\/1495\/revisions"}],"wp:attachment":[{"href":"https:\/\/foccosti.com.br\/site\/wp-json\/wp\/v2\/media?parent=1495"}],"curies":[{"name":"wp","href":"https:\/\/api.w.org\/{rel}","templated":true}]}}