{"id":20,"date":"2012-01-05T17:17:02","date_gmt":"2012-01-05T17:17:02","guid":{"rendered":"http:\/\/foccosti.com.br\/site\/?page_id=20"},"modified":"2014-02-14T16:51:47","modified_gmt":"2014-02-14T16:51:47","slug":"web-site-wordpress","status":"publish","type":"page","link":"https:\/\/foccosti.com.br\/site\/web-site-wordpress\/","title":{"rendered":"Foccos | Web Site | WordPress"},"content":{"rendered":"<h2>muito mais que um web site,\u00a0Wordpress uma ferramenta de\u00a0neg\u00f3cios!<\/h2>\n<p>Com o WordPress voc\u00ea poder\u00e1 administrar seu web site de forma simples e r\u00e1pida quando quiser e onde estiver. Al\u00e9m de divulgar novos produtos e servi\u00e7os, criar blogs e web sites, iniciar promo\u00e7\u00f5es, publicar fotos, v\u00eddeos e\u00a0\u00e1udios\u00a0sem o uso de nenhuma experi\u00eancia de programa\u00e7\u00e3o. Baseado em uma modern\u00edssima plataforma de conte\u00fado (CMS) quanto mais voc\u00ea usar, mais vai tirar proveito da web 2.0 para seus neg\u00f3cios.<\/p>\n<p><a ref=\"magnificPopup\" href=\"http:\/\/foccosti.com.br\/site\/wp-content\/uploads\/2012\/01\/wordpress-desenvolvedor.jpg\"><img loading=\"lazy\" alt=\"wordpress-desenvolvedor\" src=\"http:\/\/foccosti.com.br\/site\/wp-content\/uploads\/2012\/01\/wordpress-desenvolvedor.jpg\" width=\"752\" height=\"178\" \/><\/a><\/p>\n<p style=\"text-align: center;\">[button size=&#8221;large&#8221; color=&#8221;orange&#8221; link=&#8221;http:\/\/foccosti.com.br\/site\/orcamento\/&#8221;]solicite seu or\u00e7amento aqui[\/button]\n<p>Use um dos mais poderosos sistemas de gest\u00e3o de informa\u00e7\u00e3o do mundo o\u00a0<strong>WordPress<\/strong>. Voc\u00ea e sua equipe poder\u00e3o ter a m\u00e1xima liberdade e autonomia. Usando como plataforma uma das tecnologias mais modernas do planeta, voc\u00ea vai poder administrar o seu website e todas as suas funcionalidades a qualquer momento e tudo do seu jeito.<\/p>\n<p><strong>O WordPress<\/strong>\u00a0\u00e9 uma ferramenta bastante popular utilizada para cria\u00e7\u00e3o e edi\u00e7\u00e3o de websites, blogs e gerenciamento de conte\u00fados na internet (CMS) e \u00e9 indicada para quem quer ter uma ferramenta completa e f\u00e1cil de usar, sem ter que se preocupar com programa\u00e7\u00e3o.<\/p>\n<p>O\u00a0<strong>WordPress<\/strong>\u00a0\u00e9 uma plataforma com tecnologia de ponta e\u00a0<em>open-source<\/em>, robusta e muito f\u00e1cil de utilizar. O WordPress permite a cria\u00e7\u00e3o de artigos e not\u00edcias (posts) muito facilmente, como se estiv\u00e9ssemos a escrever no word. Depois de publicados os posts aparecem na p\u00e1gina selecionada para o blog, de forma cronol\u00f3gica (em primeiro lugar aparece o post mais recente). Estes posts s\u00e3o depois arquivados tanto por categorias como por data, tornando muito f\u00e1cil para a todos os artigos publicados.<\/p>\n<p>Como est\u00e3o habituados a ver em muitos web sites, o WordPress est\u00e1 equipado por\u00a0padr\u00e3o\u00a0com um\u00a0<strong>sistema de coment\u00e1rios<\/strong>, que permite aos visitantes de web site deixar uma opini\u00e3o sobre o artigo publicado. Isto favorece a intera\u00e7\u00e3o e o sentido de comunidade e promove o relacionamento de sua empresa e seu p\u00fablico, ao inv\u00e9s de uma simples p\u00e1gina est\u00e1tica em HTML.<\/p>\n<p>WordPress trabalha com sistema de programa\u00e7\u00e3o desenvolvido em PHP e suportado por uma base de dados MYSQL. A vantagem deste software est\u00e1 na possibilidade de podermos alterar as suas funcionalidades base atrav\u00e9s da adi\u00e7\u00e3o de\u00a0<strong>plugins<\/strong>, que s\u00e3o pequenos scripts\/m\u00f3dulos\u00a0que poder\u00e3o fornecer funcionalidades adicionais ao web site.<\/p>\n<p>O\u00a0<strong>WordPress<\/strong>\u00a0\u00e9 a plataforma para web sites mais utilizada no mundo inteiro, impondo-se devido \u00e0 sua extrema facilidade de utiliza\u00e7\u00e3o e de adapta\u00e7\u00e3o \u00e1s necessidades mais espec\u00edficas necess\u00e1rias.<\/p>\n<h2>Navegabilidade e Bom senso<\/h2>\n<p>A navegabilidade do seu web site, \u00e9 a capacidade de atender aos desejos do seus consumidores digitais e garantir que eles usem seu site da melhor forma poss\u00edvel, com uma navega\u00e7\u00e3o clara, objetiva e eficiente, \u00e9 uma ci\u00eancia das mais relevantes no marketing digital. Uma boa navegabilidade pode ser a diferen\u00e7a entre uma loja virtual que vende bem e outra que n\u00e3o, ou entre um web site que gera neg\u00f3cios e outro que o dono se pergunta: \u201cPorqu\u00ea meu site n\u00e3o gera neg\u00f3cios?\u201d<\/p>\n<h2><strong>E voc\u00ea o que precisa para seu web site?<\/strong><\/h2>\n<p>&nbsp;<\/p>\n<h2>Funcionalidades do WordPress para web sites:<\/h2>\n<p>Permite a aplica\u00e7\u00e3o avan\u00e7ada de\u00a0t\u00e9cnicas\u00a0de Otimiza\u00e7\u00e3o de Web Sites (SEO) no WordPress;<br \/>\nIntegra\u00e7\u00e3o avan\u00e7ada Google Analytics e Google Engage;<br \/>\nSitemap para os buscadores como Google;<br \/>\nSistema avan\u00e7ado de pesquisa no site;<br \/>\nCria\u00e7\u00e3o de podcast;<br \/>\nCatalogo De Produtos;<br \/>\nLoja Virtual dentro do seu\u00a0pr\u00f3prio\u00a0web site WordPress<br \/>\nIntegra\u00e7\u00e3o Redes Sociais;<br \/>\nCampos personalizados no formul\u00e1rio de cadastro de usu\u00e1rios;<br \/>\nAprimora a pesquisa em todo web site;<br \/>\nPermite que o leitor receba emails (News Letters);<br \/>\nSistema de administra\u00e7\u00e3o de downloads;<br \/>\nCria\u00e7\u00e3o de enquetes;<br \/>\nMelhoramento do sistema anti-spam;<br \/>\nVers\u00e3o mais leve do web site para celulares, iPhones, tablets, etc.;<br \/>\nOtimiza\u00e7\u00e3o do consumo de recursos do servidor de hospedagem do web site;<br \/>\nPainel de administra\u00e7\u00e3o para celulares, iPhones, tablets, etc.;<br \/>\nBuscador de links, imagens, v\u00eddeos, defini\u00e7\u00f5es e mapas do web site;<\/p>\n<p>Encurtador de links utilizado para reduzir o endere\u00e7o das p\u00e1ginas do seu site e facilitar a divulga\u00e7\u00e3o em Redes Sociais.<\/p>\n<div>\n<h2>Toda a ajuda de que precisa com seu web site<\/h2>\n<\/div>\n<div>\n<p>Se tem perguntas sobre a utiliza\u00e7\u00e3o ou expans\u00e3o do seu web site, temos um dos mais r\u00e1pidos sistemas de suporte. Temos uma equipe amig\u00e1vel de suporte que o ajudar\u00e1. Al\u00e9m de uma excelente documenta\u00e7\u00e3o e de um formul\u00e1rio de contacto com o suporte, o f\u00f3rum est\u00e1 ativo 24 horas por dia.<\/p>\n<\/div>\n<div>\n<h2>Hospedagem robusta para Web sites<\/h2>\n<p>Usamos servidores em tr\u00eas\u00a0<em>datacenters<\/em>\u00a0(Chicago, Dallas e S\u00e3o Paulo) com c\u00f3pias instant\u00e2neas do seu conte\u00fado e ficheiros em cada um deles. Isto permite tornar seu web site com muita rapidez e tamb\u00e9m, caso acontecesse alguma cat\u00e1strofe (tal como Dallas ser atingida por um cometa), garantir que o seu web site estar\u00e1 sempre dispon\u00edvel e seguro.<\/p>\n<\/div>\n<div>\n<h2>Mais de 50 idiomas<\/h2>\n<p>At\u00e9 agora temos conseguido disponibilizar vers\u00f5es do WordPress em mais de 50 idiomas.<\/p>\n<\/div>\n<div>\n<h2>Op\u00e7\u00f5es de privacidade &#8211; Intranet<\/h2>\n<p>WordPress permite-lhe ter um web site completamente p\u00fablico, um web site \u00a0p\u00fablico mas que n\u00e3o \u00e9 inclu\u00eddo nos motores de pesquisa ou nas nossas listas p\u00fablicas ou ent\u00e3o um web site privado ao qual s\u00f3 membros t\u00eam acesso. Se quer ter um web site p\u00fablico com uma ou outra entrada privada, pode protege-las individualmente com uma senha!<\/p>\n<\/div>\n<div>\n<h2>Identidade Visual Profissional<\/h2>\n<p>Os modelos dispon\u00edveis para criar seu web site ganham vida com a customiza\u00e7\u00e3o feita pela nossa equipe de web designers. Tudo entra em seu lugar para que seu neg\u00f3cio na internet seja elegante e desej\u00e1vel para seus clientes. O processo de design conclui o processo de integra\u00e7\u00e3o entre tecnologia e a interface com o usu\u00e1rio. A forma mais r\u00e1pida e segura de se dominar a web agora est\u00e1 a sua disposi\u00e7\u00e3o.<\/p>\n<p>Voc\u00ea pode at\u00e9 n\u00e3o ser bom em design, mas provavelmente voc\u00ea tem bom senso ou conhece algu\u00e9m que tenha bom gosto. O design gr\u00e1fico do site faz muita diferen\u00e7a na forma como o consumidor encara sua empresa. Sites com design antigo, desagrad\u00e1vel ou confuso dar\u00e3o a seu cliente a impress\u00e3o de que sua empresa \u00e9 assim: antiga, desagrad\u00e1vel e confusa.<\/p>\n<h2 style=\"text-align: left;\" align=\"center\">Faca do seu Web site uma maquina em Vendas<\/h2>\n<p>Assim, garanta que o design de seu site seja no m\u00ednimo agrad\u00e1vel. Por isso todos nossos modelos s\u00e3o feitos uma equipe de designers profissionais. Baseando-se em um site elegante, simples e \u00f3bvio, escolha um modelo, um estilo de design pratico, que proporcionar\u00e1 uma excelente experi\u00eancia de navega\u00e7\u00e3o ao internauta e com\u00a0excelente\u00a0navegabilidade. O objetivo do site n\u00e3o \u00e9 provar que voc\u00ea consegue fazer coisas incr\u00edveis com a programa\u00e7\u00e3o Flash, mais sim criar um ambiente tranquilo e atraente para que seu cyber cliente se sinta bem navegando no website. Assim, use movimento, anima\u00e7\u00f5es e efeitos visuais em banners, mas n\u00e3o em todo o site.<\/p>\n<\/div>\n<div>\n<h2>web sites com Design Sofisticado<\/h2>\n<p>Os modelos dispon\u00edveis para criar seu website tomam vida com a customiza\u00e7\u00e3o feita por especialistas em Design. Tudo em seu lugar para que seu website na internet seja profissional e atraente para seus clientes.<\/p>\n<h2>Seu web site com Layout Incr\u00edvel<\/h2>\n<p>O seu site sempre ser\u00e1 \u00fanico. Baseado em nossos temas, os nossos web designers seguem a fielmente a identidade visual de sua empresa e de seus materiais publicit\u00e1rios de sua escolha.<\/p>\n<h2>web sites 2.0<\/h2>\n<p>Nossos websites possuem tecnologia aliadas ao design sofisticado e fazem com que sua empresa adquira um apresenta\u00e7\u00e3o de n\u00edvel internacional. A customiza\u00e7\u00e3o da facilita o processo de iniciar um website. Basta voc\u00ea escolher um tema e enviar sua identidade visual de sua empresa. A Foccos entrega seu website pronto para usar em poucos dias.<\/p>\n<h2>Navegabilidade e Usabilidade web<\/h2>\n<p>A usabilidade e navegabilidade s\u00e3o dois fatores importantes, tanto num web site, blog ou numa loja virtual. Estes s\u00e3o dois componentes de um web site que devem ser pensadas no momento da concep\u00e7\u00e3o e desenvolvimento do layout\/design. \u00e9 preciso aplicar t\u00e9cnicas que possam proporcionar ao internauta facilidade em navegar pelo web site e de encontrar a informa\u00e7\u00e3o que procura.<\/p>\n<p>Al\u00e9m \u00e9 claro de tornar o site mais clean (leve visualmente) e levar ao usu\u00e1rio uma sensa\u00e7\u00e3o agrad\u00e1vel ao navegar pelo web site evitando na hora do design utilizar efeitos sonoros, anima\u00e7\u00f5es demasiadamente e qualquer outro elemento sem objetivo ou funcionalidade claramente defina.<\/p>\n<p>Nos dias de hoje onde todos n\u00f3s temos cada vez menos tempo para os afazeres do dia-a-dia, desejamos praticidade e rapidez em tudo que fazemos e por se tratar de internet o bord\u00e3o\u00a0<strong>&#8220;Menos \u00e9 Mais&#8221;<\/strong>\u00a0\u00e9 bem apropriado.<\/p>\n<\/div>\n<h2>Poderoso sistema de gest\u00e3o de\u00a0conte\u00fado web<\/h2>\n<p>Ter um website 2.0 \u00e9 uma experi\u00eancia \u00fanica. Voc\u00ea e sua equipe poder\u00e3o ter a m\u00e1xima liberdade e autonomia. Usando como plataforma uma das tecnologias mais modernas do planeta, voc\u00ea vai poder administrar o seu website e todas as suas funcionalidades a qualquer momento e do seu jeito.<\/p>\n<p>Se voc\u00ea acredita no poder dos Blogs, crie um para cada integrante da sua equipe dentro do painel de sua hospedagem. Com as normas de privacidade, voc\u00ea pode criar uma intranet, um website s\u00f3 com conte\u00fado para sua equipe sem que isso afete do seu website.<\/p>\n<h2>Adicione imagens, v\u00eddeos, sons e muito mais no seu web site<\/h2>\n<p>Basta alguns cliques para adicionar imagens, v\u00eddeos do YouTube, som e documentos no seu website. \u00c9 t\u00e3o intuitivo que qualquer pessoa pode fazer. Os websites feitos por nossa equipe possuem tecnologia aliadas ao design de ponta e fazem que sua empresa adquira um apresenta\u00e7\u00e3o de n\u00edvel internacional. Quanto mais voc\u00ea aprende, mais usa os recursos de seu website para o sucesso dos neg\u00f3cios da sua empresa.<\/p>\n<h2>Atualize o conte\u00fado do seu web site com 1 clique<\/h2>\n<p>Atualizar um website agora \u00e9 simples e r\u00e1pido. Voc\u00ea gerencia seu conte\u00fado de maneira profissional, com alguns cliques e em tempo real. Na era da Web 2.0, o que voc\u00ea mais precisa \u00e9 de agilidade para publicar informa\u00e7\u00f5es, artigos e materiais sobre sua empresa e seus servi\u00e7os e produtos. Com nossas solu\u00e7\u00f5es web, a velocidade depende apenas de voc\u00ea.<\/p>\n<h2>Contas de e-mail para toda sua equipe<\/h2>\n<p>Deixe os e-mails gr\u00e1tis no passado. Criar contas de e-mails pr\u00f3prias para toda a sua equipe agora ficou mais f\u00e1cil. Voc\u00ea pode enviar emails com v\u00eddeo. Voc\u00ea aumenta muito mais a for\u00e7a da sua comunica\u00e7\u00e3o e traz muito mais emo\u00e7\u00e3o para suas mensagens. As mensagens s\u00e3o recebidas sem que se precise de nada especial em seus computadores. Os endere\u00e7os de e-mail gr\u00e1tis refletem amadorismo e s\u00e3o cheios de\u00a0v\u00edrus\u00a0e spans. Mostre seu profissionalismo usando um endere\u00e7o pr\u00f3prio.<\/p>\n<h2>WordPress &#8211; seu web site no Google<\/h2>\n<p>Controle a hospedagem do seu website de forma f\u00e1cil e pr\u00e1tica. Crie contas de e-mail, discos virtuais (endere\u00e7os de FTP), cheque estat\u00edsticas de acesso detalhadas pelo Google Analytics e acompanhe como anda o sucesso da sua empresa na internet.<\/p>\n<p style=\"text-align: center;\">[button size=&#8221;large&#8221; color=&#8221;orange&#8221; link=&#8221;http:\/\/foccosti.com.br\/site\/orcamento\/&#8221;]solicite seu or\u00e7amento aqui[\/button]\n","protected":false},"excerpt":{"rendered":"<p>muito mais que um web site,\u00a0Wordpress uma ferramenta de\u00a0neg\u00f3cios! Com o WordPress voc\u00ea poder\u00e1 administrar seu web site de forma simples e r\u00e1pida quando quiser e onde&#8230;<\/p>\n","protected":false},"author":1,"featured_media":0,"parent":0,"menu_order":0,"comment_status":"open","ping_status":"open","template":"fullwidth.php","meta":[],"yoast_head":"\n<title>Foccos | Web Site | Wordpress - Foccos Tecnologia<\/title>\n<meta name=\"description\" content=\"web site wordpress\" \/>\n<meta name=\"robots\" content=\"index, follow, max-snippet:-1, max-image-preview:large, max-video-preview:-1\" \/>\n<link rel=\"canonical\" href=\"https:\/\/foccosti.com.br\/site\/web-site-wordpress\/\" \/>\n<meta name=\"twitter:label1\" content=\"Est. tempo de leitura\" \/>\n\t<meta name=\"twitter:data1\" content=\"10 minutos\" \/>\n<script type=\"application\/ld+json\" class=\"yoast-schema-graph\">{\"@context\":\"https:\/\/schema.org\",\"@graph\":[{\"@type\":\"WebSite\",\"@id\":\"https:\/\/foccosti.com.br\/site\/#website\",\"url\":\"https:\/\/foccosti.com.br\/site\/\",\"name\":\"Foccos Tecnologia\",\"description\":\"Foccos Tecnologia - Web Site - Loja Virtual - E-commerce - Uberaba - Web Design - Sistema de Gest\u00e3o - CRM - ERP\",\"potentialAction\":[{\"@type\":\"SearchAction\",\"target\":{\"@type\":\"EntryPoint\",\"urlTemplate\":\"https:\/\/foccosti.com.br\/site\/?s={search_term_string}\"},\"query-input\":\"required name=search_term_string\"}],\"inLanguage\":\"pt-BR\"},{\"@type\":\"WebPage\",\"@id\":\"https:\/\/foccosti.com.br\/site\/web-site-wordpress\/\",\"url\":\"https:\/\/foccosti.com.br\/site\/web-site-wordpress\/\",\"name\":\"Foccos | Web Site | Wordpress - Foccos Tecnologia\",\"isPartOf\":{\"@id\":\"https:\/\/foccosti.com.br\/site\/#website\"},\"datePublished\":\"2012-01-05T17:17:02+00:00\",\"dateModified\":\"2014-02-14T16:51:47+00:00\",\"description\":\"web site wordpress\",\"breadcrumb\":{\"@id\":\"https:\/\/foccosti.com.br\/site\/web-site-wordpress\/#breadcrumb\"},\"inLanguage\":\"pt-BR\",\"potentialAction\":[{\"@type\":\"ReadAction\",\"target\":[\"https:\/\/foccosti.com.br\/site\/web-site-wordpress\/\"]}]},{\"@type\":\"BreadcrumbList\",\"@id\":\"https:\/\/foccosti.com.br\/site\/web-site-wordpress\/#breadcrumb\",\"itemListElement\":[{\"@type\":\"ListItem\",\"position\":1,\"name\":\"Foccos | Web Site | WordPress\"}]}]}<\/script>\n","yoast_head_json":{"title":"Foccos | Web Site | Wordpress - Foccos Tecnologia","description":"web site wordpress","robots":{"index":"index","follow":"follow","max-snippet":"max-snippet:-1","max-image-preview":"max-image-preview:large","max-video-preview":"max-video-preview:-1"},"canonical":"https:\/\/foccosti.com.br\/site\/web-site-wordpress\/","twitter_misc":{"Est. tempo de leitura":"10 minutos"},"schema":{"@context":"https:\/\/schema.org","@graph":[{"@type":"WebSite","@id":"https:\/\/foccosti.com.br\/site\/#website","url":"https:\/\/foccosti.com.br\/site\/","name":"Foccos Tecnologia","description":"Foccos Tecnologia - Web Site - Loja Virtual - E-commerce - Uberaba - Web Design - Sistema de Gest\u00e3o - CRM - ERP","potentialAction":[{"@type":"SearchAction","target":{"@type":"EntryPoint","urlTemplate":"https:\/\/foccosti.com.br\/site\/?s={search_term_string}"},"query-input":"required name=search_term_string"}],"inLanguage":"pt-BR"},{"@type":"WebPage","@id":"https:\/\/foccosti.com.br\/site\/web-site-wordpress\/","url":"https:\/\/foccosti.com.br\/site\/web-site-wordpress\/","name":"Foccos | Web Site | Wordpress - Foccos Tecnologia","isPartOf":{"@id":"https:\/\/foccosti.com.br\/site\/#website"},"datePublished":"2012-01-05T17:17:02+00:00","dateModified":"2014-02-14T16:51:47+00:00","description":"web site wordpress","breadcrumb":{"@id":"https:\/\/foccosti.com.br\/site\/web-site-wordpress\/#breadcrumb"},"inLanguage":"pt-BR","potentialAction":[{"@type":"ReadAction","target":["https:\/\/foccosti.com.br\/site\/web-site-wordpress\/"]}]},{"@type":"BreadcrumbList","@id":"https:\/\/foccosti.com.br\/site\/web-site-wordpress\/#breadcrumb","itemListElement":[{"@type":"ListItem","position":1,"name":"Foccos | Web Site | WordPress"}]}]}},"_links":{"self":[{"href":"https:\/\/foccosti.com.br\/site\/wp-json\/wp\/v2\/pages\/20"}],"collection":[{"href":"https:\/\/foccosti.com.br\/site\/wp-json\/wp\/v2\/pages"}],"about":[{"href":"https:\/\/foccosti.com.br\/site\/wp-json\/wp\/v2\/types\/page"}],"author":[{"embeddable":true,"href":"https:\/\/foccosti.com.br\/site\/wp-json\/wp\/v2\/users\/1"}],"replies":[{"embeddable":true,"href":"https:\/\/foccosti.com.br\/site\/wp-json\/wp\/v2\/comments?post=20"}],"version-history":[{"count":0,"href":"https:\/\/foccosti.com.br\/site\/wp-json\/wp\/v2\/pages\/20\/revisions"}],"wp:attachment":[{"href":"https:\/\/foccosti.com.br\/site\/wp-json\/wp\/v2\/media?parent=20"}],"curies":[{"name":"wp","href":"https:\/\/api.w.org\/{rel}","templated":true}]}}