{"id":2446,"date":"2013-05-16T13:13:55","date_gmt":"2013-05-16T13:13:55","guid":{"rendered":"http:\/\/foccosti.com.br\/site\/?page_id=2446"},"modified":"2014-02-13T11:59:59","modified_gmt":"2014-02-13T11:59:59","slug":"ebooks-catalogo-revista-jornal-digital","status":"publish","type":"page","link":"https:\/\/foccosti.com.br\/site\/ebooks-catalogo-revista-jornal-digital\/","title":{"rendered":"E-books, cat\u00e1logos, revistas, jornal digital"},"content":{"rendered":"<h2>Flip Books &#8211; EBooks, Revista, jornal, catalogo digital<\/h2>\n<p>Possu\u00edmos a melhor plataforma para publica\u00e7\u00f5es de documentos eletr\u00f4nicos na web, proporcionando uma integra\u00e7\u00e3o f\u00e1cil e \u00e1gil entre os meios anal\u00f3gicos e digitais.\u00a0Seu ebook, \u00a0revista, jornal, cat\u00e1logo digital ou qualquer outro documento eletr\u00f4nico pode ter v\u00eddeos,, \u00edndice e seu leitor sai ganhando com v\u00e1rias outras op\u00e7\u00f5es interativas.<\/p>\n<h2><b>Baixo<\/b> Investimento<\/h2>\n<p>Para ter sua revista digital, jornal virtual ou documentos digitais publicados na plataforma Flip Book\u00a0voc\u00ea paga apenas uma mensalidade com base no n\u00famero de p\u00e1ginas mensais. N\u00e3o h\u00e1 cobran\u00e7as por n\u00fameros de acessos, transfer\u00eancia de dados, espa\u00e7o ocupado em disco e hospedagem. Voc\u00ea paga uma taxa \u00fanica com base no pacote de p\u00e1ginas necess\u00e1rio para manter sua revista digital, seu jornal virtual ou qualquer outro documento. O Flip Book\u00a0tem o menor custo\/benef\u00edcio do mercado.<\/p>\n<p style=\"text-align: center;\"><a title=\"Clique aqui.\" href=\"http:\/\/criapropaganda.com.br\/portfolio\/\" target=\"_blank\"><img loading=\"lazy\" class=\"size-full wp-image-2665 aligncenter\" title=\"Clique aqui. Flip Book Demonstra\u00e7\u00e3o.\" alt=\"flip-book-demo\" src=\"http:\/\/foccosti.com.br\/site\/wp-content\/uploads\/2013\/05\/flip-book-demo.jpg\" width=\"750\" height=\"366\" srcset=\"https:\/\/foccosti.com.br\/site\/wp-content\/uploads\/2013\/05\/flip-book-demo.jpg 750w, https:\/\/foccosti.com.br\/site\/wp-content\/uploads\/2013\/05\/flip-book-demo-150x73.jpg 150w, https:\/\/foccosti.com.br\/site\/wp-content\/uploads\/2013\/05\/flip-book-demo-300x146.jpg 300w\" sizes=\"(max-width: 750px) 100vw, 750px\" \/><\/a><\/p>\n<h3 style=\"text-align: center;\">Clique na imagem acima e veja uma demonstra\u00e7\u00e3o.<\/h3>\n<h2 style=\"text-align: left;\">Autonomia para o usu\u00e1rio<\/h2>\n<p>O cliente Flip Book\u00a0tem completa autonomia para utilizar o sistema ap\u00f3s treinamento. O gerenciador da sua revista digital, jornal virtual ou de qualquer outro documento no formato PDF, permite a voc\u00ea fazer customiza\u00e7\u00f5es permitindo ou n\u00e3o, por exemplo, que o leitor possa imprimir uma p\u00e1gina ou importar um PDF. A customiza\u00e7\u00e3o de mensagens de indica\u00e7\u00e3o de leitura para um amigo tamb\u00e9m \u00e9 poss\u00edvel. Voc\u00ea tamb\u00e9m pode criar \u00edndice para suas publica\u00e7\u00f5es, planos de assinatura e configurar uma s\u00e9rie de op\u00e7\u00f5es.<\/p>\n<h2>Relat\u00f3rios<b>\u00a0completos<\/b><\/h2>\n<p>Voc\u00ea tem relat\u00f3rios completos e instant\u00e2neos da sua revista digital, jornal virtual ou qualquer documento eletr\u00f4nico na sua \u00e1rea de gerenciamento. S\u00e3o detalhes de p\u00e1ginas visitadas, zoom, palavras-chave pesquisadas, links clicados e muito mais. Os relat\u00f3rios podem ser importados para voc\u00ea fazer cruzamento de dados.<\/p>\n<h2>Voc\u00ea<b>\u00a0pode vender assinaturas<\/b><\/h2>\n<p>O Flip Book\u00a0permite aos clientes criar planos de assinatura para sua revista digital ou jornal virtual. Voc\u00ea tem completa autonomia para fechar o acesso \u00e0 publica\u00e7\u00e3o permitindo que o leitor s\u00f3 consiga ler sua revista digital ou jornal virtual mediante login e senha que voc\u00ea fornece a ele. O Flip Book\u00a0permite que voc\u00ea personalize a \u00e1rea de login pois disponibiliza um editor HTML para isso.<\/p>\n<h2><b>Tenha publicidade no seu web site<\/b><\/h2>\n<p>O Flip Book\u00a0est\u00e1 preparado para receber publicidade na sua revista digital ou jornal virtual. Voc\u00ea pode colocar banners antes da capa e depois da \u00faltima p\u00e1gina utilizando para isso um gerenciador de publicidade. Com esta op\u00e7\u00e3o, voc\u00ea pode explorar comercialmente sua publica\u00e7\u00e3o eletr\u00f4nica viabilizando financeiramente essa nova opera\u00e7\u00e3o. Outra op\u00e7\u00e3o \u00e9 voc\u00ea criar p\u00e1ginas de publicidade que ser\u00e3o publicadas apenas na edi\u00e7\u00e3o virtual.<\/p>\n<h2>Integra\u00e7\u00e3o<b>\u00a0do meio\u00a0anal\u00f3gico\u00a0com o digital<\/b><\/h2>\n<p>Utilizando a plataforma Flip Book\u00a0de publica\u00e7\u00f5es eletr\u00f4nicas, voc\u00ea pode ampliar em muito o aproveitamento de conte\u00fados produzidos pela sua equipe de jornalismo. Voc\u00ea pode, por exemplo, fazer a cobertura de um evento e publicar somente uma p\u00e1gina no meio impresso e fazer uma chamada para um caderno especial virtual que vai estar dispon\u00edvel somente na internet. Voc\u00ea poder\u00e1 aproveitar ao m\u00e1ximo sua reda\u00e7\u00e3o e ter um custo muito reduzido para levar a informa\u00e7\u00e3o para seus leitores.<\/p>\n<h2><b>Desenvolvimento e\u00a0<\/b>seguran\u00e7a<\/h2>\n<p>O Flip Book\u00a0\u00e9 uma ferramenta que est\u00e1 em constante evolu\u00e7\u00e3o e todas as melhorias s\u00e3o disponibilizadas aos clientes sem a cobran\u00e7a de nenhum custo adicional. Outro aspecto importante da ferramenta \u00e9 que ela est\u00e1 hospedada em nossos servidores garantindo manuten\u00e7\u00e3o mais r\u00e1pida e seguran\u00e7a. Rotinas de backup garantem a preserva\u00e7\u00e3o do seu acervo digital. Voc\u00ea tem uma s\u00e9rie de vantagens sem custos adicionais.<\/p>\n<h2><b>Publique v\u00eddeos<\/b><\/h2>\n<p>O News Flip proporciona para sua revista digital, jornal virtual ou documentos digitais muita interatividade com seus leitores atrav\u00e9s de v\u00eddeos. Voc\u00ea pode publicar v\u00eddeos promocionais, institucionais ou de reportagens produzidas pela sua equipe de jornalismo. Voc\u00ea pode carregar no sistema v\u00eddeos diretamente do seu computador ou importar do Youtube.<\/p>\n<h2><b>Pesquisa na\u00a0<\/b>edi\u00e7\u00e3o<\/h2>\n<p>Seu leitor pode pesquisar palavras-chave na edi\u00e7\u00e3o digital ou no arquivo. O Flip Book\u00a0faz a interpreta\u00e7\u00e3o de todo o conte\u00fado postado por voc\u00ea e quando o leitor pesquisa uma palavra-chave o sistema exibe um resumo de todas as mat\u00e9rias onde ela aparece. Clicando no link, o leitor \u00e9 direcionado automaticamente para a p\u00e1gina.<\/p>\n<h2>Indica\u00e7\u00e3o<b>\u00a0de\u00a0<\/b>conte\u00fado<\/h2>\n<p>O leitor do sua revista digital, jornal virtual ou qualquer outra publica\u00e7\u00e3o eletr\u00f4nica pode indicar conte\u00fado para um amigo. Ele acessa um formul\u00e1rio e uma mensagem \u00e9 disparada automaticamente para o e-mail indicado. Voc\u00ea pode customizar a mensagem padr\u00e3o que acompanha e indica\u00e7\u00e3o enviada pelo leitor da sua publica\u00e7\u00e3o.<\/p>\n<h2>Impress\u00e3o<b>\u00a0e PDF<\/b><\/h2>\n<p>Outra vantagem do Flip Book\u00a0\u00e9 que ele permite ao leitor imprimir p\u00e1ginas ou fazer o download do PDF. Essas duas op\u00e7\u00f5es voc\u00ea decide na \u00e1rea de gerenciamento se vai ou n\u00e3o colocar \u00e0 disposi\u00e7\u00e3o dos seus leitores.<\/p>\n<h2><b>Mais interatividade<\/b><\/h2>\n<p>Al\u00e9m das op\u00e7\u00f5es j\u00e1 descritas, o sistema permite leitura de modo texto das publica\u00e7\u00f5es e tem uma op\u00e7\u00e3o de contato no qual o seu leitor preenche um formul\u00e1rio para falar com voc\u00ea ou sua equipe. A plataforma do Flip Book\u00a0continua em permanente evolu\u00e7\u00e3o e est\u00e3o sendo disponibilizadas as op\u00e7\u00f5es de mensagens autom\u00e1ticas a cada postagem da sua publica\u00e7\u00e3o para os seus seguidores no Twitter.<\/p>\n<p style=\"text-align: center;\">[button size=&#8221;large&#8221; color=&#8221;orange&#8221; link=&#8221;http:\/\/foccosti.com.br\/site\/orcamento\/&#8221;]solicte seu or\u00e7amento aqui[\/button]\n","protected":false},"excerpt":{"rendered":"<p>Flip Books &#8211; EBooks, Revista, jornal, catalogo digital Possu\u00edmos a melhor plataforma para publica\u00e7\u00f5es de documentos eletr\u00f4nicos na web, proporcionando uma integra\u00e7\u00e3o f\u00e1cil e \u00e1gil entre os&#8230;<\/p>\n","protected":false},"author":1,"featured_media":0,"parent":0,"menu_order":0,"comment_status":"closed","ping_status":"closed","template":"fullwidth.php","meta":[],"yoast_head":"\n<title>E-books, cat\u00e1logos, revistas, jornal digital - Foccos Tecnologia<\/title>\n<meta name=\"description\" content=\"revista jornal digital flip book ebook\" \/>\n<meta name=\"robots\" content=\"index, follow, max-snippet:-1, max-image-preview:large, max-video-preview:-1\" \/>\n<link rel=\"canonical\" href=\"https:\/\/foccosti.com.br\/site\/ebooks-catalogo-revista-jornal-digital\/\" \/>\n<meta name=\"twitter:label1\" content=\"Est. tempo de leitura\" \/>\n\t<meta name=\"twitter:data1\" content=\"5 minutos\" \/>\n<script type=\"application\/ld+json\" class=\"yoast-schema-graph\">{\"@context\":\"https:\/\/schema.org\",\"@graph\":[{\"@type\":\"WebSite\",\"@id\":\"https:\/\/foccosti.com.br\/site\/#website\",\"url\":\"https:\/\/foccosti.com.br\/site\/\",\"name\":\"Foccos Tecnologia\",\"description\":\"Foccos Tecnologia - Web Site - Loja Virtual - E-commerce - Uberaba - Web Design - Sistema de Gest\u00e3o - CRM - ERP\",\"potentialAction\":[{\"@type\":\"SearchAction\",\"target\":{\"@type\":\"EntryPoint\",\"urlTemplate\":\"https:\/\/foccosti.com.br\/site\/?s={search_term_string}\"},\"query-input\":\"required name=search_term_string\"}],\"inLanguage\":\"pt-BR\"},{\"@type\":\"WebPage\",\"@id\":\"https:\/\/foccosti.com.br\/site\/ebooks-catalogo-revista-jornal-digital\/\",\"url\":\"https:\/\/foccosti.com.br\/site\/ebooks-catalogo-revista-jornal-digital\/\",\"name\":\"E-books, cat\u00e1logos, revistas, jornal digital - Foccos Tecnologia\",\"isPartOf\":{\"@id\":\"https:\/\/foccosti.com.br\/site\/#website\"},\"datePublished\":\"2013-05-16T13:13:55+00:00\",\"dateModified\":\"2014-02-13T11:59:59+00:00\",\"description\":\"revista jornal digital flip book ebook\",\"breadcrumb\":{\"@id\":\"https:\/\/foccosti.com.br\/site\/ebooks-catalogo-revista-jornal-digital\/#breadcrumb\"},\"inLanguage\":\"pt-BR\",\"potentialAction\":[{\"@type\":\"ReadAction\",\"target\":[\"https:\/\/foccosti.com.br\/site\/ebooks-catalogo-revista-jornal-digital\/\"]}]},{\"@type\":\"BreadcrumbList\",\"@id\":\"https:\/\/foccosti.com.br\/site\/ebooks-catalogo-revista-jornal-digital\/#breadcrumb\",\"itemListElement\":[{\"@type\":\"ListItem\",\"position\":1,\"name\":\"E-books, cat\u00e1logos, revistas, jornal digital\"}]}]}<\/script>\n","yoast_head_json":{"title":"E-books, cat\u00e1logos, revistas, jornal digital - Foccos Tecnologia","description":"revista jornal digital flip book ebook","robots":{"index":"index","follow":"follow","max-snippet":"max-snippet:-1","max-image-preview":"max-image-preview:large","max-video-preview":"max-video-preview:-1"},"canonical":"https:\/\/foccosti.com.br\/site\/ebooks-catalogo-revista-jornal-digital\/","twitter_misc":{"Est. tempo de leitura":"5 minutos"},"schema":{"@context":"https:\/\/schema.org","@graph":[{"@type":"WebSite","@id":"https:\/\/foccosti.com.br\/site\/#website","url":"https:\/\/foccosti.com.br\/site\/","name":"Foccos Tecnologia","description":"Foccos Tecnologia - Web Site - Loja Virtual - E-commerce - Uberaba - Web Design - Sistema de Gest\u00e3o - CRM - ERP","potentialAction":[{"@type":"SearchAction","target":{"@type":"EntryPoint","urlTemplate":"https:\/\/foccosti.com.br\/site\/?s={search_term_string}"},"query-input":"required name=search_term_string"}],"inLanguage":"pt-BR"},{"@type":"WebPage","@id":"https:\/\/foccosti.com.br\/site\/ebooks-catalogo-revista-jornal-digital\/","url":"https:\/\/foccosti.com.br\/site\/ebooks-catalogo-revista-jornal-digital\/","name":"E-books, cat\u00e1logos, revistas, jornal digital - Foccos Tecnologia","isPartOf":{"@id":"https:\/\/foccosti.com.br\/site\/#website"},"datePublished":"2013-05-16T13:13:55+00:00","dateModified":"2014-02-13T11:59:59+00:00","description":"revista jornal digital flip book ebook","breadcrumb":{"@id":"https:\/\/foccosti.com.br\/site\/ebooks-catalogo-revista-jornal-digital\/#breadcrumb"},"inLanguage":"pt-BR","potentialAction":[{"@type":"ReadAction","target":["https:\/\/foccosti.com.br\/site\/ebooks-catalogo-revista-jornal-digital\/"]}]},{"@type":"BreadcrumbList","@id":"https:\/\/foccosti.com.br\/site\/ebooks-catalogo-revista-jornal-digital\/#breadcrumb","itemListElement":[{"@type":"ListItem","position":1,"name":"E-books, cat\u00e1logos, revistas, jornal digital"}]}]}},"_links":{"self":[{"href":"https:\/\/foccosti.com.br\/site\/wp-json\/wp\/v2\/pages\/2446"}],"collection":[{"href":"https:\/\/foccosti.com.br\/site\/wp-json\/wp\/v2\/pages"}],"about":[{"href":"https:\/\/foccosti.com.br\/site\/wp-json\/wp\/v2\/types\/page"}],"author":[{"embeddable":true,"href":"https:\/\/foccosti.com.br\/site\/wp-json\/wp\/v2\/users\/1"}],"replies":[{"embeddable":true,"href":"https:\/\/foccosti.com.br\/site\/wp-json\/wp\/v2\/comments?post=2446"}],"version-history":[{"count":0,"href":"https:\/\/foccosti.com.br\/site\/wp-json\/wp\/v2\/pages\/2446\/revisions"}],"wp:attachment":[{"href":"https:\/\/foccosti.com.br\/site\/wp-json\/wp\/v2\/media?parent=2446"}],"curies":[{"name":"wp","href":"https:\/\/api.w.org\/{rel}","templated":true}]}}