{"id":4307,"date":"2015-10-21T09:31:45","date_gmt":"2015-10-21T09:31:45","guid":{"rendered":"http:\/\/impreza3.us-themes.com\/?page_id=4307"},"modified":"2016-06-27T12:11:06","modified_gmt":"2016-06-27T12:11:06","slug":"sobre-nos","status":"publish","type":"page","link":"https:\/\/foccosti.com.br\/site\/sobre-nos\/","title":{"rendered":"Sobre N\u00f3s"},"content":{"rendered":"<section class=\"l-section wpb_row height_huge color_custom with_img\" style=\"background-color: #e1e1df;\"><div class=\"l-section-img\" style=\"background-image: url(https:\/\/foccosti.com.br\/site\/wp-content\/uploads\/2015\/10\/what-we-do-bg1.jpg);background-position: bottom center;background-repeat: no-repeat;\" data-img-width=\"1920\" data-img-height=\"593\"><\/div><div class=\"l-section-h i-cf\"><div class=\"g-cols offset_small\"><div class=\" one-half\"><div class=\"wpb_text_column \"><div class=\"wpb_wrapper\">\n<h2><strong>SOBRE NOSSO TRABALHO<\/strong><\/h2>\n<\/div> <\/div> <\/div><div class=\" one-half\"><div class=\"wpb_text_column \"><div class=\"wpb_wrapper\"><p>Somos uma\u00a0empresa especializada em desenvolver solu\u00e7\u00f5es integradas, como consultoria para desenvolvimento de projetos web e startups, desenvolvimento de sistemas web sob demanda, web sites, e-commerce e lojas virtuais, a\u00e7\u00f5es de marketing digital e assessoria em com\u00e9rcio eletr\u00f4nico.<\/p><\/div> <\/div> <\/div><\/div><\/div><\/section><section class=\"l-section wpb_row height_huge color_secondary with_img parallax_ver with_overlay\"><div class=\"l-section-img\" style=\"background-image: url(https:\/\/foccosti.com.br\/site\/wp-content\/uploads\/2015\/10\/image-8.jpg);\" data-img-width=\"1920\" data-img-height=\"1280\"><\/div><div class=\"l-section-overlay\" style=\"background-color: rgba(43,44,54,0.83)\"><\/div><div class=\"l-section-h i-cf\"><div class=\"g-cols offset_medium\"><div class=\" one-third animate_afb\">[vc_custom_heading text=&#8221;01\u2013&#8221; font_container=&#8221;tag:div|font_size:55px|text_align:left|color:%23e5a510|line_height:1.3&#8243; use_theme_fonts=&#8221;yes&#8221;]<div class=\"wpb_text_column \"><div class=\"wpb_wrapper\">\n<h3><strong>VIS\u00c3O<\/strong><\/h3>\n<div data-canvas-width=\"370.76028749999995\">\n<div data-canvas-width=\"20.624645250000004\">Ser refer\u00eancia nacional para o mercado,\u00a0desenvolvendo solu\u00e7\u00f5es web inovadoras de alto impacto que permitam alavancar o empreendedorismo brasileiro.<\/div>\n<\/div>\n<\/div> <\/div> <\/div><div class=\" one-third animate_afb d1\">[vc_custom_heading text=&#8221;02\u2013&#8221; font_container=&#8221;tag:div|font_size:55px|text_align:left|color:%23e5a510|line_height:1.3&#8243; use_theme_fonts=&#8221;yes&#8221;]<div class=\"wpb_text_column \"><div class=\"wpb_wrapper\">\n<h3><strong>MISS\u00c3O<\/strong><\/h3>\n<div data-canvas-width=\"185.88042\">Gerar oportunidades\u00a0de neg\u00f3cios para nossos clientes e parceiros, bem\u00a0como satisfa\u00e7\u00e3o de nossos colaboradores e resultado para nossa empresa.<\/div>\n<\/div> <\/div> <\/div><div class=\" one-third animate_afb d2\">[vc_custom_heading text=&#8221;03\u2013&#8221; font_container=&#8221;tag:div|font_size:55px|text_align:left|color:%23e5a510|line_height:1.3&#8243; use_theme_fonts=&#8221;yes&#8221;]<div class=\"wpb_text_column \"><div class=\"wpb_wrapper\">\n<h3><strong>VALORES<\/strong><\/h3>\n<div data-canvas-width=\"608.1580439999998\">Integridade, comprometimento, respeito e paix\u00e3o. Esses s\u00e3o os pilares\u00a0da nossa cultura e elementos essenciais para nosso sucesso como uma equipe global.<\/div>\n<\/div> <\/div> <\/div><\/div><\/div><\/section><section class=\"l-section wpb_row height_small\"><div class=\"l-section-h i-cf\"><div class=\"g-cols offset_none\"><div class=\" one-half animate_afl\"><div class=\"w-iconbox iconpos_left size_large style_default color_primary\"><div class=\"w-iconbox-icon\"><i class=\"fa fa-chrome\"><\/i><\/div><h4 class=\"w-iconbox-title\">A NOVA INTERNET<\/h4><div class=\"w-iconbox-text\">Estamos preparados para a nova internet, al\u00e9m de melhorar a experi\u00eancia do usu\u00e1rio, nossas solu\u00e7\u00f5es web ou mesmo um app poder\u00e1 rodar tanto em um smartphone quanto em um computador.<\/div><\/div><\/div><div class=\" one-half animate_afr d1\"><div class=\"w-image align_center\"><img width=\"300\" height=\"231\" src=\"https:\/\/foccosti.com.br\/site\/wp-content\/uploads\/revslider\/main\/phone1-300x231.png\" class=\"attachment-medium size-medium\" alt=\"\" loading=\"lazy\" srcset=\"https:\/\/foccosti.com.br\/site\/wp-content\/uploads\/revslider\/main\/phone1-300x231.png 300w, https:\/\/foccosti.com.br\/site\/wp-content\/uploads\/revslider\/main\/phone1-150x115.png 150w, https:\/\/foccosti.com.br\/site\/wp-content\/uploads\/revslider\/main\/phone1.png 520w\" sizes=\"(max-width: 300px) 100vw, 300px\" \/><\/div><\/div><\/div><\/div><\/section><section class=\"l-section wpb_row height_huge color_custom with_img\" style=\"background-color: #e3e3e3;\"><div class=\"l-section-img\" style=\"background-image: url(https:\/\/foccosti.com.br\/site\/wp-content\/uploads\/2015\/10\/bottom-bg.jpg);background-position: bottom left;background-repeat: no-repeat;background-size: contain;\" data-img-width=\"974\" data-img-height=\"665\"><\/div><div class=\"l-section-h i-cf\"><div class=\"g-cols offset_small\"><div class=\" one-half\"><div class=\"wpb_text_column \"><div class=\"wpb_wrapper\">\n<h2><strong>DOMINAMOS<\/strong><\/h2>\n<\/div> <\/div> <\/div><div class=\" one-half animate_afb\"><div class=\"wpb_text_column \"><div class=\"wpb_wrapper\">\n<ul>\n<li>Consultoria para Startups (Lean Startup e Design Thinking)<\/li>\n<li>Web Sites e Portais em WordPress<\/li>\n<li>E-commerce (desenvolvimento e consultoria)<\/li>\n<li>Marketing Digital (Google Tools)<\/li>\n<li>Desenvolvimento de Apps Android e iOS<\/li>\n<li>ERP &#8211; Sistema de Gest\u00e3o Empresarial<\/li>\n<li>Code Igniter + PHP + MySQL +\u00a0Ajax (JQuery) + HTML5 + CSS<\/li>\n<\/ul>\n<\/div> <\/div> <\/div><\/div><\/div><\/section><section class=\"l-section wpb_row height_huge color_primary\"><div class=\"l-section-h i-cf\"><div class=\"g-cols offset_small\"><div class=\" full-width animate_fade\"><div class=\"wpb_text_column \"><div class=\"wpb_wrapper\">\n<h2 style=\"text-align: center;\"><strong>ALGUNS DE NOSSOS CLIENTES<\/strong><\/h2>\n<\/div> <\/div> <div class=\"w-logos style_1 nav_none with_indents type_carousel cols_6\"><div class=\"w-logos-list\" data-items=\"6\" data-autoplay=\"1\" data-timeout=\"3000\" data-nav=\"0\"><a class=\"w-logos-item\" href=\"#\"><img src=\"https:\/\/foccosti.com.br\/site\/wp-content\/uploads\/2016\/06\/logo-site-venturoso-300x59.png\" width=\"300\" height=\"59\" alt=\"\"><\/a><a class=\"w-logos-item\" href=\"#\"><img src=\"https:\/\/foccosti.com.br\/site\/wp-content\/uploads\/2016\/06\/logo-promo-off-300x104.png\" width=\"300\" height=\"104\" alt=\"\"><\/a><a class=\"w-logos-item\" href=\"#\"><img src=\"https:\/\/foccosti.com.br\/site\/wp-content\/uploads\/2013\/05\/logotipo-oxy.png\" width=\"260\" height=\"105\" alt=\"\"><\/a><a class=\"w-logos-item\" href=\"#\"><img src=\"https:\/\/foccosti.com.br\/site\/wp-content\/uploads\/2016\/06\/IDEARE-AZUL-PNG-300x300.png\" width=\"300\" height=\"300\" alt=\"\"><\/a><a class=\"w-logos-item\" href=\"#\"><img src=\"https:\/\/foccosti.com.br\/site\/wp-content\/uploads\/2016\/06\/logo-vilarys-site-300x211.png\" width=\"300\" height=\"211\" alt=\"\"><\/a><a class=\"w-logos-item\" href=\"https:\/\/\/WWW.ITURN.COM.BR\"><img src=\"https:\/\/foccosti.com.br\/site\/wp-content\/uploads\/2016\/06\/logo_grande-300x106.png\" width=\"300\" height=\"106\" alt=\"\"><\/a><a class=\"w-logos-item\" href=\"#\"><img src=\"https:\/\/foccosti.com.br\/site\/wp-content\/uploads\/2013\/05\/criapropaganda-cases-300x156.png\" width=\"300\" height=\"156\" alt=\"\"><\/a><a class=\"w-logos-item\" href=\"#\"><img src=\"https:\/\/foccosti.com.br\/site\/wp-content\/uploads\/2013\/05\/logo-advogados-site-white-300x168.png\" width=\"300\" height=\"168\" alt=\"\"><\/a><a class=\"w-logos-item\" href=\"#\"><img src=\"https:\/\/foccosti.com.br\/site\/wp-content\/uploads\/2016\/06\/logo-1-290x300.png\" width=\"290\" height=\"300\" alt=\"\"><\/a><a class=\"w-logos-item\" href=\"#\"><img src=\"https:\/\/foccosti.com.br\/site\/wp-content\/uploads\/2013\/05\/logo-beerbrewery-site.png\" width=\"220\" height=\"167\" alt=\"\"><\/a><a class=\"w-logos-item\" href=\"#\"><img src=\"https:\/\/foccosti.com.br\/site\/wp-content\/uploads\/2016\/06\/logo-300x236.png\" width=\"300\" height=\"236\" alt=\"\"><\/a><\/div><\/div><\/div><\/div><\/div><\/section>\n","protected":false},"excerpt":{"rendered":"","protected":false},"author":1,"featured_media":0,"parent":0,"menu_order":0,"comment_status":"closed","ping_status":"closed","template":"","meta":[],"yoast_head":"\n<title>Sobre N\u00f3s - Foccos Tecnologia<\/title>\n<meta name=\"robots\" content=\"index, follow, max-snippet:-1, max-image-preview:large, max-video-preview:-1\" \/>\n<link rel=\"canonical\" href=\"https:\/\/foccosti.com.br\/site\/sobre-nos\/\" \/>\n<meta name=\"twitter:label1\" content=\"Est. tempo de leitura\" \/>\n\t<meta name=\"twitter:data1\" content=\"3 minutos\" \/>\n<script type=\"application\/ld+json\" class=\"yoast-schema-graph\">{\"@context\":\"https:\/\/schema.org\",\"@graph\":[{\"@type\":\"WebSite\",\"@id\":\"https:\/\/foccosti.com.br\/site\/#website\",\"url\":\"https:\/\/foccosti.com.br\/site\/\",\"name\":\"Foccos Tecnologia\",\"description\":\"Foccos Tecnologia - Web Site - Loja Virtual - E-commerce - Uberaba - Web Design - Sistema de Gest\u00e3o - CRM - ERP\",\"potentialAction\":[{\"@type\":\"SearchAction\",\"target\":{\"@type\":\"EntryPoint\",\"urlTemplate\":\"https:\/\/foccosti.com.br\/site\/?s={search_term_string}\"},\"query-input\":\"required name=search_term_string\"}],\"inLanguage\":\"pt-BR\"},{\"@type\":\"WebPage\",\"@id\":\"https:\/\/foccosti.com.br\/site\/sobre-nos\/\",\"url\":\"https:\/\/foccosti.com.br\/site\/sobre-nos\/\",\"name\":\"Sobre N\u00f3s - Foccos Tecnologia\",\"isPartOf\":{\"@id\":\"https:\/\/foccosti.com.br\/site\/#website\"},\"datePublished\":\"2015-10-21T09:31:45+00:00\",\"dateModified\":\"2016-06-27T12:11:06+00:00\",\"breadcrumb\":{\"@id\":\"https:\/\/foccosti.com.br\/site\/sobre-nos\/#breadcrumb\"},\"inLanguage\":\"pt-BR\",\"potentialAction\":[{\"@type\":\"ReadAction\",\"target\":[\"https:\/\/foccosti.com.br\/site\/sobre-nos\/\"]}]},{\"@type\":\"BreadcrumbList\",\"@id\":\"https:\/\/foccosti.com.br\/site\/sobre-nos\/#breadcrumb\",\"itemListElement\":[{\"@type\":\"ListItem\",\"position\":1,\"name\":\"Sobre N\u00f3s\"}]}]}<\/script>\n","yoast_head_json":{"title":"Sobre N\u00f3s - Foccos Tecnologia","robots":{"index":"index","follow":"follow","max-snippet":"max-snippet:-1","max-image-preview":"max-image-preview:large","max-video-preview":"max-video-preview:-1"},"canonical":"https:\/\/foccosti.com.br\/site\/sobre-nos\/","twitter_misc":{"Est. tempo de leitura":"3 minutos"},"schema":{"@context":"https:\/\/schema.org","@graph":[{"@type":"WebSite","@id":"https:\/\/foccosti.com.br\/site\/#website","url":"https:\/\/foccosti.com.br\/site\/","name":"Foccos Tecnologia","description":"Foccos Tecnologia - Web Site - Loja Virtual - E-commerce - Uberaba - Web Design - Sistema de Gest\u00e3o - CRM - ERP","potentialAction":[{"@type":"SearchAction","target":{"@type":"EntryPoint","urlTemplate":"https:\/\/foccosti.com.br\/site\/?s={search_term_string}"},"query-input":"required name=search_term_string"}],"inLanguage":"pt-BR"},{"@type":"WebPage","@id":"https:\/\/foccosti.com.br\/site\/sobre-nos\/","url":"https:\/\/foccosti.com.br\/site\/sobre-nos\/","name":"Sobre N\u00f3s - Foccos Tecnologia","isPartOf":{"@id":"https:\/\/foccosti.com.br\/site\/#website"},"datePublished":"2015-10-21T09:31:45+00:00","dateModified":"2016-06-27T12:11:06+00:00","breadcrumb":{"@id":"https:\/\/foccosti.com.br\/site\/sobre-nos\/#breadcrumb"},"inLanguage":"pt-BR","potentialAction":[{"@type":"ReadAction","target":["https:\/\/foccosti.com.br\/site\/sobre-nos\/"]}]},{"@type":"BreadcrumbList","@id":"https:\/\/foccosti.com.br\/site\/sobre-nos\/#breadcrumb","itemListElement":[{"@type":"ListItem","position":1,"name":"Sobre N\u00f3s"}]}]}},"_links":{"self":[{"href":"https:\/\/foccosti.com.br\/site\/wp-json\/wp\/v2\/pages\/4307"}],"collection":[{"href":"https:\/\/foccosti.com.br\/site\/wp-json\/wp\/v2\/pages"}],"about":[{"href":"https:\/\/foccosti.com.br\/site\/wp-json\/wp\/v2\/types\/page"}],"author":[{"embeddable":true,"href":"https:\/\/foccosti.com.br\/site\/wp-json\/wp\/v2\/users\/1"}],"replies":[{"embeddable":true,"href":"https:\/\/foccosti.com.br\/site\/wp-json\/wp\/v2\/comments?post=4307"}],"version-history":[{"count":0,"href":"https:\/\/foccosti.com.br\/site\/wp-json\/wp\/v2\/pages\/4307\/revisions"}],"wp:attachment":[{"href":"https:\/\/foccosti.com.br\/site\/wp-json\/wp\/v2\/media?parent=4307"}],"curies":[{"name":"wp","href":"https:\/\/api.w.org\/{rel}","templated":true}]}}