{"id":4865,"date":"2015-10-26T12:35:37","date_gmt":"2015-10-26T12:35:37","guid":{"rendered":"http:\/\/impreza3.us-themes.com\/?page_id=4865"},"modified":"2016-06-22T21:14:32","modified_gmt":"2016-06-22T21:14:32","slug":"blog","status":"publish","type":"page","link":"https:\/\/foccosti.com.br\/site\/blog\/","title":{"rendered":"Blog"},"content":{"rendered":"<section class=\"l-section wpb_row height_large\"><div class=\"l-section-h i-cf\"><div class=\"g-cols offset_small\"><div class=\" full-width\"><div class=\"w-blog layout_classic cols_3 with_categories\" itemscope=\"itemscope\" itemtype=\"https:\/\/schema.org\/Blog\"><div class=\"w-blog-list\">\n\n<article class=\"w-blog-post blog post-6116 post type-post status-publish format-standard has-post-thumbnail hentry category-blog\" data-id=\"6116\" data-categories=\"blog\">\n\t<div class=\"w-blog-post-h\">\n\t\t<a href=\"https:\/\/foccosti.com.br\/site\/6-passos-para-criar-o-website-perfeito\/\">\n\t\t\t<div class=\"w-blog-post-preview\">\n\t\t\t\t<img width=\"600\" height=\"400\" src=\"https:\/\/foccosti.com.br\/site\/wp-content\/uploads\/2016\/07\/132-600x400.jpg\" class=\"attachment-tnail-3x2 size-tnail-3x2 wp-post-image\" alt=\"\" loading=\"lazy\" \/>\t\t\t\t<span class=\"w-blog-post-preview-icon\"><\/span>\n\t\t\t<\/div>\n\t\t<\/a>\n\t\t<div class=\"w-blog-post-body\">\n\t\t\t<h2 class=\"w-blog-post-title\">\n\t\t\t\t<a class=\"entry-title\" rel=\"bookmark\" href=\"https:\/\/foccosti.com.br\/site\/6-passos-para-criar-o-website-perfeito\/\">6 PASSOS PARA CRIAR O WEBSITE PERFEITO<\/a>\n\t\t\t<\/h2>\n\t\t\t<div class=\"w-blog-post-meta\">\n\t\t\t\t<time class=\"w-blog-post-meta-date date updated\">11\/07\/2016<\/time><span class=\"w-blog-post-meta-category\"><a href=\"https:\/\/foccosti.com.br\/site\/category\/blog\/\" rel=\"category tag\">Blog<\/a><\/span><span class=\"w-blog-post-meta-author vcard author hidden\"><a href=\"https:\/\/foccosti.com.br\/site\/author\/foccosti\/\" class=\"fn\">foccosti<\/a><\/span>\t\t\t<\/div>\n\t\t\t<div class=\"w-blog-post-content\">\n\t\t\t\t<p>Quando voc\u00ea est\u00e1 desesperado para saborear uma pizza, voc\u00ea geralmente opta pelo\u00a0jeito f\u00e1cil, que \u00e9 pedir uma pizza pelo delivery, esquentar uma congelada em seu forno, ou&#8230;<\/p>\n\t\t\t<\/div>\n\t\t\t<a class=\"w-blog-post-more w-btn\" href=\"https:\/\/foccosti.com.br\/site\/6-passos-para-criar-o-website-perfeito\/\"><span class=\"w-btn-label\">Continuar Lendo...<\/span><\/a>\n\t\t<\/div>\n\t<\/div>\n<\/article>\n\n\n\n<article class=\"w-blog-post comprascoletivas ecommerce lojas-virtuais marketingdigital videos post-3404 post type-post status-publish format-standard has-post-thumbnail hentry category-comprascoletivas category-ecommerce category-lojas-virtuais category-marketingdigital category-videos\" data-id=\"3404\" data-categories=\"comprascoletivas,ecommerce,lojas-virtuais,marketingdigital,videos\">\n\t<div class=\"w-blog-post-h\">\n\t\t<a href=\"https:\/\/foccosti.com.br\/site\/e-commerce-brasileiro-cresce-15-apesar-da-crise\/\">\n\t\t\t<div class=\"w-blog-post-preview\">\n\t\t\t\t<img width=\"400\" height=\"325\" src=\"https:\/\/foccosti.com.br\/site\/wp-content\/uploads\/2015\/11\/dinheironaoeproblema.jpg\" class=\"attachment-tnail-3x2 size-tnail-3x2 wp-post-image\" alt=\"\" loading=\"lazy\" srcset=\"https:\/\/foccosti.com.br\/site\/wp-content\/uploads\/2015\/11\/dinheironaoeproblema.jpg 400w, https:\/\/foccosti.com.br\/site\/wp-content\/uploads\/2015\/11\/dinheironaoeproblema-150x122.jpg 150w, https:\/\/foccosti.com.br\/site\/wp-content\/uploads\/2015\/11\/dinheironaoeproblema-300x244.jpg 300w\" sizes=\"(max-width: 400px) 100vw, 400px\" \/>\t\t\t\t<span class=\"w-blog-post-preview-icon\"><\/span>\n\t\t\t<\/div>\n\t\t<\/a>\n\t\t<div class=\"w-blog-post-body\">\n\t\t\t<h2 class=\"w-blog-post-title\">\n\t\t\t\t<a class=\"entry-title\" rel=\"bookmark\" href=\"https:\/\/foccosti.com.br\/site\/e-commerce-brasileiro-cresce-15-apesar-da-crise\/\">E-commerce brasileiro cresce 15% apesar da crise<\/a>\n\t\t\t<\/h2>\n\t\t\t<div class=\"w-blog-post-meta\">\n\t\t\t\t<time class=\"w-blog-post-meta-date date updated\">25\/11\/2015<\/time><span class=\"w-blog-post-meta-category\"><a href=\"https:\/\/foccosti.com.br\/site\/category\/comprascoletivas\/\" rel=\"category tag\">Compras coletivas<\/a>, <a href=\"https:\/\/foccosti.com.br\/site\/category\/ecommerce\/\" rel=\"category tag\">Ecommerce<\/a>, <a href=\"https:\/\/foccosti.com.br\/site\/category\/lojas-virtuais\/\" rel=\"category tag\">lojas virtuais<\/a>, <a href=\"https:\/\/foccosti.com.br\/site\/category\/marketingdigital\/\" rel=\"category tag\">Mkt digital<\/a>, <a href=\"https:\/\/foccosti.com.br\/site\/category\/videos\/\" rel=\"category tag\">V\u00eddeos<\/a><\/span><span class=\"w-blog-post-meta-author vcard author hidden\"><a href=\"https:\/\/foccosti.com.br\/site\/author\/foccosti\/\" class=\"fn\">foccosti<\/a><\/span>\t\t\t<\/div>\n\t\t\t<div class=\"w-blog-post-content\">\n\t\t\t\t<p>A crise pode at\u00e9 estar acertando em cheio muitos setores da economia, mas o com\u00e9rcio eletr\u00f4nico nacional continua de vento em popa. De acordo com dados da&#8230;<\/p>\n\t\t\t<\/div>\n\t\t\t<a class=\"w-blog-post-more w-btn\" href=\"https:\/\/foccosti.com.br\/site\/e-commerce-brasileiro-cresce-15-apesar-da-crise\/\"><span class=\"w-btn-label\">Continuar Lendo...<\/span><\/a>\n\t\t<\/div>\n\t<\/div>\n<\/article>\n\n\n\n<article class=\"w-blog-post cases-especiais marketingdigital post-3362 post type-post status-publish format-standard has-post-thumbnail hentry category-cases-especiais category-marketingdigital tag-crescimento tag-empreendedor-digital tag-empreendedorismo tag-passos-para-o-sucesso tag-startup\" data-id=\"3362\" data-categories=\"cases-especiais,marketingdigital\">\n\t<div class=\"w-blog-post-h\">\n\t\t<a href=\"https:\/\/foccosti.com.br\/site\/10-passos-para-uma-startup-de-sucesso\/\">\n\t\t\t<div class=\"w-blog-post-preview\">\n\t\t\t\t<img width=\"500\" height=\"261\" src=\"https:\/\/foccosti.com.br\/site\/wp-content\/uploads\/2015\/07\/gest\u00e3o-financeira.png\" class=\"attachment-tnail-3x2 size-tnail-3x2 wp-post-image\" alt=\"\" loading=\"lazy\" srcset=\"https:\/\/foccosti.com.br\/site\/wp-content\/uploads\/2015\/07\/gest\u00e3o-financeira.png 500w, https:\/\/foccosti.com.br\/site\/wp-content\/uploads\/2015\/07\/gest\u00e3o-financeira-150x78.png 150w, https:\/\/foccosti.com.br\/site\/wp-content\/uploads\/2015\/07\/gest\u00e3o-financeira-300x157.png 300w\" sizes=\"(max-width: 500px) 100vw, 500px\" \/>\t\t\t\t<span class=\"w-blog-post-preview-icon\"><\/span>\n\t\t\t<\/div>\n\t\t<\/a>\n\t\t<div class=\"w-blog-post-body\">\n\t\t\t<h2 class=\"w-blog-post-title\">\n\t\t\t\t<a class=\"entry-title\" rel=\"bookmark\" href=\"https:\/\/foccosti.com.br\/site\/10-passos-para-uma-startup-de-sucesso\/\">10 Passos para uma startup de sucesso<\/a>\n\t\t\t<\/h2>\n\t\t\t<div class=\"w-blog-post-meta\">\n\t\t\t\t<time class=\"w-blog-post-meta-date date updated\">13\/07\/2015<\/time><span class=\"w-blog-post-meta-category\"><a href=\"https:\/\/foccosti.com.br\/site\/category\/cases-especiais\/\" rel=\"category tag\">Cases Especiais<\/a>, <a href=\"https:\/\/foccosti.com.br\/site\/category\/marketingdigital\/\" rel=\"category tag\">Mkt digital<\/a><\/span><span class=\"w-blog-post-meta-author vcard author hidden\"><a href=\"https:\/\/foccosti.com.br\/site\/author\/foccosti\/\" class=\"fn\">foccosti<\/a><\/span>\t\t\t<\/div>\n\t\t\t<div class=\"w-blog-post-content\">\n\t\t\t\t<p>\u00c9 incr\u00edvel a quantidade de experi\u00eancia e aprendizados que\u00a0um empreendedor precisa acumular. Passar por\u00a0desafios e aprendizados, por\u00e9m h\u00e1 alguns pontos chave para alcan\u00e7ar o sucesso. 1) S\u00e3o&#8230;<\/p>\n\t\t\t<\/div>\n\t\t\t<a class=\"w-blog-post-more w-btn\" href=\"https:\/\/foccosti.com.br\/site\/10-passos-para-uma-startup-de-sucesso\/\"><span class=\"w-btn-label\">Continuar Lendo...<\/span><\/a>\n\t\t<\/div>\n\t<\/div>\n<\/article>\n\n\n\n<article class=\"w-blog-post blog lojas-virtuais marketingdigital post-3323 post type-post status-publish format-standard has-post-thumbnail hentry category-blog category-lojas-virtuais category-marketingdigital tag-canvas tag-canvas-do-marketing-de-vendas tag-marketing tag-marketing-digital tag-vendas\" data-id=\"3323\" data-categories=\"blog,lojas-virtuais,marketingdigital\">\n\t<div class=\"w-blog-post-h\">\n\t\t<a href=\"https:\/\/foccosti.com.br\/site\/canvas-do-marketing-de-vendas\/\">\n\t\t\t<div class=\"w-blog-post-preview\">\n\t\t\t\t<img width=\"600\" height=\"340\" src=\"https:\/\/foccosti.com.br\/site\/wp-content\/uploads\/2015\/07\/bg-pagamento-recorrente.jpg\" class=\"attachment-tnail-3x2 size-tnail-3x2 wp-post-image\" alt=\"\" loading=\"lazy\" srcset=\"https:\/\/foccosti.com.br\/site\/wp-content\/uploads\/2015\/07\/bg-pagamento-recorrente.jpg 1056w, https:\/\/foccosti.com.br\/site\/wp-content\/uploads\/2015\/07\/bg-pagamento-recorrente-150x85.jpg 150w, https:\/\/foccosti.com.br\/site\/wp-content\/uploads\/2015\/07\/bg-pagamento-recorrente-300x170.jpg 300w, https:\/\/foccosti.com.br\/site\/wp-content\/uploads\/2015\/07\/bg-pagamento-recorrente-1024x581.jpg 1024w\" sizes=\"(max-width: 600px) 100vw, 600px\" \/>\t\t\t\t<span class=\"w-blog-post-preview-icon\"><\/span>\n\t\t\t<\/div>\n\t\t<\/a>\n\t\t<div class=\"w-blog-post-body\">\n\t\t\t<h2 class=\"w-blog-post-title\">\n\t\t\t\t<a class=\"entry-title\" rel=\"bookmark\" href=\"https:\/\/foccosti.com.br\/site\/canvas-do-marketing-de-vendas\/\">CANVAS DO MARKETING DE VENDAS<\/a>\n\t\t\t<\/h2>\n\t\t\t<div class=\"w-blog-post-meta\">\n\t\t\t\t<time class=\"w-blog-post-meta-date date updated\">10\/07\/2015<\/time><span class=\"w-blog-post-meta-category\"><a href=\"https:\/\/foccosti.com.br\/site\/category\/blog\/\" rel=\"category tag\">Blog<\/a>, <a href=\"https:\/\/foccosti.com.br\/site\/category\/lojas-virtuais\/\" rel=\"category tag\">lojas virtuais<\/a>, <a href=\"https:\/\/foccosti.com.br\/site\/category\/marketingdigital\/\" rel=\"category tag\">Mkt digital<\/a><\/span><span class=\"w-blog-post-meta-author vcard author hidden\"><a href=\"https:\/\/foccosti.com.br\/site\/author\/foccosti\/\" class=\"fn\">foccosti<\/a><\/span>\t\t\t<\/div>\n\t\t\t<div class=\"w-blog-post-content\">\n\t\t\t\t<p>O que queremos com esse post \u00e9 apresentar nossas\u00a0ideias principais, muito v\u00e1lidas para quem trabalha com Marketing e Vendas. Acreditamos que um dos principais segredos para o&#8230;<\/p>\n\t\t\t<\/div>\n\t\t\t<a class=\"w-blog-post-more w-btn\" href=\"https:\/\/foccosti.com.br\/site\/canvas-do-marketing-de-vendas\/\"><span class=\"w-btn-label\">Continuar Lendo...<\/span><\/a>\n\t\t<\/div>\n\t<\/div>\n<\/article>\n\n\n\n<article class=\"w-blog-post ecommerce facebook geracao-x lojas-virtuais midiassociais marketingdigital websites post-3284 post type-post status-publish format-standard has-post-thumbnail hentry category-ecommerce category-facebook category-geracao-x category-lojas-virtuais category-midiassociais category-marketingdigital category-websites\" data-id=\"3284\" data-categories=\"ecommerce,facebook,geracao-x,lojas-virtuais,midiassociais,marketingdigital,websites\">\n\t<div class=\"w-blog-post-h\">\n\t\t<a href=\"https:\/\/foccosti.com.br\/site\/sucesso-feira-empreendedor-2015-sao-paulo\/\">\n\t\t\t<div class=\"w-blog-post-preview\">\n\t\t\t\t<img width=\"600\" height=\"338\" src=\"https:\/\/foccosti.com.br\/site\/wp-content\/uploads\/2015\/02\/feira-empreendedor-2015-2.jpg\" class=\"attachment-tnail-3x2 size-tnail-3x2 wp-post-image\" alt=\"\" loading=\"lazy\" srcset=\"https:\/\/foccosti.com.br\/site\/wp-content\/uploads\/2015\/02\/feira-empreendedor-2015-2.jpg 1080w, https:\/\/foccosti.com.br\/site\/wp-content\/uploads\/2015\/02\/feira-empreendedor-2015-2-150x84.jpg 150w, https:\/\/foccosti.com.br\/site\/wp-content\/uploads\/2015\/02\/feira-empreendedor-2015-2-300x169.jpg 300w, https:\/\/foccosti.com.br\/site\/wp-content\/uploads\/2015\/02\/feira-empreendedor-2015-2-1024x576.jpg 1024w\" sizes=\"(max-width: 600px) 100vw, 600px\" \/>\t\t\t\t<span class=\"w-blog-post-preview-icon\"><\/span>\n\t\t\t<\/div>\n\t\t<\/a>\n\t\t<div class=\"w-blog-post-body\">\n\t\t\t<h2 class=\"w-blog-post-title\">\n\t\t\t\t<a class=\"entry-title\" rel=\"bookmark\" href=\"https:\/\/foccosti.com.br\/site\/sucesso-feira-empreendedor-2015-sao-paulo\/\">Sucesso &#8211; Feira do Empreendedor 2015 S\u00e3o Paulo<\/a>\n\t\t\t<\/h2>\n\t\t\t<div class=\"w-blog-post-meta\">\n\t\t\t\t<time class=\"w-blog-post-meta-date date updated\">18\/02\/2015<\/time><span class=\"w-blog-post-meta-category\"><a href=\"https:\/\/foccosti.com.br\/site\/category\/ecommerce\/\" rel=\"category tag\">Ecommerce<\/a>, <a href=\"https:\/\/foccosti.com.br\/site\/category\/facebook\/\" rel=\"category tag\">Facebook<\/a>, <a href=\"https:\/\/foccosti.com.br\/site\/category\/geracao-x\/\" rel=\"category tag\">Gera\u00e7\u00e3o X, Y, Z<\/a>, <a href=\"https:\/\/foccosti.com.br\/site\/category\/lojas-virtuais\/\" rel=\"category tag\">lojas virtuais<\/a>, <a href=\"https:\/\/foccosti.com.br\/site\/category\/midiassociais\/\" rel=\"category tag\">M\u00eddias sociais<\/a>, <a href=\"https:\/\/foccosti.com.br\/site\/category\/marketingdigital\/\" rel=\"category tag\">Mkt digital<\/a>, <a href=\"https:\/\/foccosti.com.br\/site\/category\/websites\/\" rel=\"category tag\">Sites<\/a><\/span><span class=\"w-blog-post-meta-author vcard author hidden\"><a href=\"https:\/\/foccosti.com.br\/site\/author\/foccosti\/\" class=\"fn\">foccosti<\/a><\/span>\t\t\t<\/div>\n\t\t\t<div class=\"w-blog-post-content\">\n\t\t\t\t<p>N\u00c3O BASTA SONHAR GRANDE, TEM QUE BOTAR PRA FAZER! Essa foi nossa primeira participa\u00e7\u00e3o na Feira do Empreendedor de S\u00e3o Paulo promovida pelo Sebrae-SP, foram 05 dias&#8230;<\/p>\n\t\t\t<\/div>\n\t\t\t<a class=\"w-blog-post-more w-btn\" href=\"https:\/\/foccosti.com.br\/site\/sucesso-feira-empreendedor-2015-sao-paulo\/\"><span class=\"w-btn-label\">Continuar Lendo...<\/span><\/a>\n\t\t<\/div>\n\t<\/div>\n<\/article>\n\n\n\n<article class=\"w-blog-post big-data blog cases-especiais comprascoletivas ecommerce facebook lojas-virtuais websites sorteios post-3274 post type-post status-publish format-standard has-post-thumbnail hentry category-big-data category-blog category-cases-especiais category-comprascoletivas category-ecommerce category-facebook category-lojas-virtuais category-websites category-sorteios\" data-id=\"3274\" data-categories=\"big-data,blog,cases-especiais,comprascoletivas,ecommerce,facebook,lojas-virtuais,websites,sorteios\">\n\t<div class=\"w-blog-post-h\">\n\t\t<a href=\"https:\/\/foccosti.com.br\/site\/foccos-estara-na-feira-empreendedor-2015\/\">\n\t\t\t<div class=\"w-blog-post-preview\">\n\t\t\t\t<img width=\"173\" height=\"109\" src=\"https:\/\/foccosti.com.br\/site\/wp-content\/uploads\/2015\/01\/feira.gif\" class=\"attachment-tnail-3x2 size-tnail-3x2 wp-post-image\" alt=\"\" loading=\"lazy\" \/>\t\t\t\t<span class=\"w-blog-post-preview-icon\"><\/span>\n\t\t\t<\/div>\n\t\t<\/a>\n\t\t<div class=\"w-blog-post-body\">\n\t\t\t<h2 class=\"w-blog-post-title\">\n\t\t\t\t<a class=\"entry-title\" rel=\"bookmark\" href=\"https:\/\/foccosti.com.br\/site\/foccos-estara-na-feira-empreendedor-2015\/\">A Foccos estar\u00e1 na Feira do Empreendedor 2015<\/a>\n\t\t\t<\/h2>\n\t\t\t<div class=\"w-blog-post-meta\">\n\t\t\t\t<time class=\"w-blog-post-meta-date date updated\">30\/01\/2015<\/time><span class=\"w-blog-post-meta-category\"><a href=\"https:\/\/foccosti.com.br\/site\/category\/big-data\/\" rel=\"category tag\">big data<\/a>, <a href=\"https:\/\/foccosti.com.br\/site\/category\/blog\/\" rel=\"category tag\">Blog<\/a>, <a href=\"https:\/\/foccosti.com.br\/site\/category\/cases-especiais\/\" rel=\"category tag\">Cases Especiais<\/a>, <a href=\"https:\/\/foccosti.com.br\/site\/category\/comprascoletivas\/\" rel=\"category tag\">Compras coletivas<\/a>, <a href=\"https:\/\/foccosti.com.br\/site\/category\/ecommerce\/\" rel=\"category tag\">Ecommerce<\/a>, <a href=\"https:\/\/foccosti.com.br\/site\/category\/facebook\/\" rel=\"category tag\">Facebook<\/a>, <a href=\"https:\/\/foccosti.com.br\/site\/category\/lojas-virtuais\/\" rel=\"category tag\">lojas virtuais<\/a>, <a href=\"https:\/\/foccosti.com.br\/site\/category\/websites\/\" rel=\"category tag\">Sites<\/a>, <a href=\"https:\/\/foccosti.com.br\/site\/category\/sorteios\/\" rel=\"category tag\">Sorteios<\/a><\/span><span class=\"w-blog-post-meta-author vcard author hidden\"><a href=\"https:\/\/foccosti.com.br\/site\/author\/foccosti\/\" class=\"fn\">foccosti<\/a><\/span>\t\t\t<\/div>\n\t\t\t<div class=\"w-blog-post-content\">\n\t\t\t\t<p>A Foccos\u00a0estar\u00e1 na Feira do Empreendedor 2015 de 07 a 10 de fevereiro, venha nos visitar e descobrir o potencial da internet e alavancar as vendas na&#8230;<\/p>\n\t\t\t<\/div>\n\t\t\t<a class=\"w-blog-post-more w-btn\" href=\"https:\/\/foccosti.com.br\/site\/foccos-estara-na-feira-empreendedor-2015\/\"><span class=\"w-btn-label\">Continuar Lendo...<\/span><\/a>\n\t\t<\/div>\n\t<\/div>\n<\/article>\n\n<\/div>\t<div class=\"w-blog-json hidden\" onclick='return {&quot;ajax_url&quot;:&quot;https:\\\/\\\/foccosti.com.br\\\/site\\\/wp-admin\\\/admin-ajax.php&quot;,&quot;permalink_url&quot;:&quot;https:\\\/\\\/foccosti.com.br\\\/site\\\/blog\\\/&quot;,&quot;action&quot;:&quot;us_ajax_blog&quot;,&quot;max_num_pages&quot;:27,&quot;infinite_scroll&quot;:true,&quot;template_vars&quot;:{&quot;query_args&quot;:{&quot;post_type&quot;:&quot;post&quot;,&quot;post_status&quot;:[&quot;publish&quot;],&quot;orderby&quot;:{&quot;date&quot;:&quot;DESC&quot;},&quot;posts_per_page&quot;:6},&quot;layout_type&quot;:&quot;classic&quot;,&quot;metas&quot;:[&quot;date&quot;,&quot;categories&quot;],&quot;title_size&quot;:&quot;&quot;,&quot;columns&quot;:3,&quot;content_type&quot;:&quot;excerpt&quot;,&quot;show_read_more&quot;:true,&quot;is_shortcode&quot;:true}}'><\/div>\n\t<div class=\"g-loadmore\">\n\t\t\t<div class=\"g-loadmore-btn\">\n\t\t\t\t<span>Carregar mais<\/span>\n\t\t\t<\/div>\n\t\t\t<div class=\"g-preloader type_1\"><\/div>\n\t\t<\/div><\/div><\/div><\/div><\/div><\/section>\n","protected":false},"excerpt":{"rendered":"A Foccos\u00a0estar\u00e1 na Feira do Empreendedor 2015 de 07 a 10 de fevereiro, venha nos visitar e descobrir o potencial da internet e alavancar as vendas na...","protected":false},"author":1,"featured_media":0,"parent":0,"menu_order":0,"comment_status":"closed","ping_status":"closed","template":"","meta":[],"yoast_head":"\n<title>Blog - Foccos Tecnologia<\/title>\n<meta name=\"robots\" content=\"index, follow, max-snippet:-1, max-image-preview:large, max-video-preview:-1\" \/>\n<link rel=\"canonical\" href=\"https:\/\/foccosti.com.br\/site\/blog\/\" \/>\n<script type=\"application\/ld+json\" class=\"yoast-schema-graph\">{\"@context\":\"https:\/\/schema.org\",\"@graph\":[{\"@type\":\"WebSite\",\"@id\":\"https:\/\/foccosti.com.br\/site\/#website\",\"url\":\"https:\/\/foccosti.com.br\/site\/\",\"name\":\"Foccos Tecnologia\",\"description\":\"Foccos Tecnologia - Web Site - Loja Virtual - E-commerce - Uberaba - Web Design - Sistema de Gest\u00e3o - CRM - ERP\",\"potentialAction\":[{\"@type\":\"SearchAction\",\"target\":{\"@type\":\"EntryPoint\",\"urlTemplate\":\"https:\/\/foccosti.com.br\/site\/?s={search_term_string}\"},\"query-input\":\"required name=search_term_string\"}],\"inLanguage\":\"pt-BR\"},{\"@type\":\"WebPage\",\"@id\":\"https:\/\/foccosti.com.br\/site\/blog\/\",\"url\":\"https:\/\/foccosti.com.br\/site\/blog\/\",\"name\":\"Blog - Foccos Tecnologia\",\"isPartOf\":{\"@id\":\"https:\/\/foccosti.com.br\/site\/#website\"},\"datePublished\":\"2015-10-26T12:35:37+00:00\",\"dateModified\":\"2016-06-22T21:14:32+00:00\",\"breadcrumb\":{\"@id\":\"https:\/\/foccosti.com.br\/site\/blog\/#breadcrumb\"},\"inLanguage\":\"pt-BR\",\"potentialAction\":[{\"@type\":\"ReadAction\",\"target\":[\"https:\/\/foccosti.com.br\/site\/blog\/\"]}]},{\"@type\":\"BreadcrumbList\",\"@id\":\"https:\/\/foccosti.com.br\/site\/blog\/#breadcrumb\",\"itemListElement\":[{\"@type\":\"ListItem\",\"position\":1,\"name\":\"Blog\"}]}]}<\/script>\n","yoast_head_json":{"title":"Blog - Foccos Tecnologia","robots":{"index":"index","follow":"follow","max-snippet":"max-snippet:-1","max-image-preview":"max-image-preview:large","max-video-preview":"max-video-preview:-1"},"canonical":"https:\/\/foccosti.com.br\/site\/blog\/","schema":{"@context":"https:\/\/schema.org","@graph":[{"@type":"WebSite","@id":"https:\/\/foccosti.com.br\/site\/#website","url":"https:\/\/foccosti.com.br\/site\/","name":"Foccos Tecnologia","description":"Foccos Tecnologia - Web Site - Loja Virtual - E-commerce - Uberaba - Web Design - Sistema de Gest\u00e3o - CRM - ERP","potentialAction":[{"@type":"SearchAction","target":{"@type":"EntryPoint","urlTemplate":"https:\/\/foccosti.com.br\/site\/?s={search_term_string}"},"query-input":"required name=search_term_string"}],"inLanguage":"pt-BR"},{"@type":"WebPage","@id":"https:\/\/foccosti.com.br\/site\/blog\/","url":"https:\/\/foccosti.com.br\/site\/blog\/","name":"Blog - Foccos Tecnologia","isPartOf":{"@id":"https:\/\/foccosti.com.br\/site\/#website"},"datePublished":"2015-10-26T12:35:37+00:00","dateModified":"2016-06-22T21:14:32+00:00","breadcrumb":{"@id":"https:\/\/foccosti.com.br\/site\/blog\/#breadcrumb"},"inLanguage":"pt-BR","potentialAction":[{"@type":"ReadAction","target":["https:\/\/foccosti.com.br\/site\/blog\/"]}]},{"@type":"BreadcrumbList","@id":"https:\/\/foccosti.com.br\/site\/blog\/#breadcrumb","itemListElement":[{"@type":"ListItem","position":1,"name":"Blog"}]}]}},"_links":{"self":[{"href":"https:\/\/foccosti.com.br\/site\/wp-json\/wp\/v2\/pages\/4865"}],"collection":[{"href":"https:\/\/foccosti.com.br\/site\/wp-json\/wp\/v2\/pages"}],"about":[{"href":"https:\/\/foccosti.com.br\/site\/wp-json\/wp\/v2\/types\/page"}],"author":[{"embeddable":true,"href":"https:\/\/foccosti.com.br\/site\/wp-json\/wp\/v2\/users\/1"}],"replies":[{"embeddable":true,"href":"https:\/\/foccosti.com.br\/site\/wp-json\/wp\/v2\/comments?post=4865"}],"version-history":[{"count":0,"href":"https:\/\/foccosti.com.br\/site\/wp-json\/wp\/v2\/pages\/4865\/revisions"}],"wp:attachment":[{"href":"https:\/\/foccosti.com.br\/site\/wp-json\/wp\/v2\/media?parent=4865"}],"curies":[{"name":"wp","href":"https:\/\/api.w.org\/{rel}","templated":true}]}}