{"id":74,"date":"2012-01-05T17:34:02","date_gmt":"2012-01-05T17:34:02","guid":{"rendered":"http:\/\/foccosti.com.br\/site\/?page_id=74"},"modified":"2014-09-15T16:47:47","modified_gmt":"2014-09-15T16:47:47","slug":"google-analytics","status":"publish","type":"page","link":"https:\/\/foccosti.com.br\/site\/google-analytics\/","title":{"rendered":"Foccos | Google Analytics"},"content":{"rendered":"<div class=\"zoomTexto\">\n<h3>Tamanho Fonte<\/h3>\n<p> <a href=\"javascript:void(0)\" class=\"diminiu\">A-<\/a><a href=\"javascript:void(0)\" class=\"normal\">A<\/a><a href=\"javascript:void(0)\" class=\"aumenta\">A+<\/a>\n<\/div>\n<h2>google Analytics<\/h2>\n<p>Para se obter uma melhor pr\u00e1tica e resultados com o SEO \u00e9 imprescind\u00edvel uma intera\u00e7\u00e3o com o Google Analytics ou algum sistema de fun\u00e7\u00e3o semelhante. A partir desta intera\u00e7\u00e3o, podemos levantar pontos importantes do projeto, n\u00e3o s\u00f3 de cria\u00e7\u00e3o como de desenvolvimento. \u00c9 necess\u00e1rio um layout planejado e sistema j\u00e1 devidamente adaptado para o Google Analytics conseguir ler o site de forma mais precisa.<\/p>\n<h2>Entendendo a Navega\u00e7\u00e3o do Usu\u00e1rio<\/h2>\n<p>Antes de come\u00e7armos uma an\u00e1lise de erros do aplicativo, \u00e9 necess\u00e1rio desvendarmos e entendermos como o usu\u00e1rio navega no site. Desta forma descobriremos se o objetivo do projeto foi alcan\u00e7ado, se o produto Y est\u00e1 tendo o destaque planejado entre outras funcionalidades importantes. Para filtrar os resultados analisados \u00e9 de grande valia conhecer o p\u00fablico alvo do cliente e saber se \u00e9 realmente ele que est\u00e1 sendo atingido, como veremos mais detalhadamente dos pr\u00f3ximos t\u00f3picos.<\/p>\n<h2>P\u00e1ginas de sa\u00edda<\/h2>\n<p>Esta ferramenta \u00e9 muito importante pois, a partir dela, podemos verificar quais as p\u00e1ginas mais rejeitadas pelo usu\u00e1rio. Podemos filtrar os resultados por navegador, sistema operacional, resolu\u00e7\u00e3o do computador e etc. Ela \u00e9 important\u00edssima para verificarmos incompatibilidades. Muitas vezes o usu\u00e1rio sai de uma p\u00e1gina por um conte\u00fado ruim ou por incompatibilidade com o browser ou sistema. Por exemplo, se uma p\u00e1gina especifica que 80% dos usu\u00e1rios que utilizam Internet Explorer 6 acabam saindo, provavelmente ocorre um tipo de incompatibilidade.<\/p>\n<h2>Sites de Refer\u00eancia<\/h2>\n<p>Outra ferramenta importante, com ela podemos ver a repercuss\u00e3o que o site est\u00e1 tendo na web. Podemos observar quantos visitantes vieram de links variados (redes sociais, banners, cita\u00e7\u00f5es e outros sites). Caso o site seja citado, por exemplo, em um blog, indica quantos visitantes vieram daquele determinado endere\u00e7o e podemos simular a navega\u00e7\u00e3o destes visitantes. Assim, podemos descobrir se os visitantes deste blog consumiram algo no site ou apenas visitaram, com isso podemos analisar se \u00e9 v\u00e1lido investir em uma campanha neste site, se ela traria lucros de alguma forma.<\/p>\n<p>Podemos no pr\u00f3prio Google Analytics criar links para campanhas espec\u00edficas, que faz um filtro extremamente preciso de uma campanha na internet (de banners, por exemplo). Inserindo o link gerado em um banner, voc\u00ea pode analisar onde este banner foi citado e todo impacto que ele causou, filtrando apenas para esta determinada campanha (vendo onde ela foi citada, sites que referenciaram ela e etc).<\/p>\n<h2>Mecanismos de busca<\/h2>\n<p>Outra ferramenta importante. \u00c9 a partir dela que saberemos com que palavras os usu\u00e1rios est\u00e3o chegando ao nosso site (a partir de buscadores) e em que palavras devemos investir. A m\u00e9trica \u00e9 bem simples, divide por navegadores e palavras buscadas. Por exemplo, 200 visitas vieram do Google ap\u00f3s terem buscado pela palavra-chave &#8220;m\u00fasica&#8221;. Com isso podemos analisar se a palavra comprada no AdWords foi v\u00e1lida e se existe alguma palavra necessitando uma maior aten\u00e7\u00e3o e investimento, n\u00e3o s\u00f3 em an\u00fancios\/adwords como em tags e planejamento b\u00e1sico de SEO.<\/p>\n<h2>Links diretos<\/h2>\n<p>Uma ferramenta importante, por\u00e9m muitas vezes &#8216;enganadora&#8217;. Com ela descobrimos quantos usu\u00e1rios acessam o site diretamente (digitam o endere\u00e7o no navegador, sem efetuar busca). De uma certa maneira, \u00e9 poss\u00edvel visualizar a fidelidade do seu p\u00fablico, ap\u00f3s o site se tornar conhecido e bem visitado; por\u00e9m, para sites menores \u00e9 um grande risco. Se o site recebe 100 visitas \u00fanicas por dia e 90 s\u00e3o links diretos, possivelmente o site esta com p\u00e1gina inicial nos computadores da empresa. Casos como este s\u00e3o comuns de ocorrer.<\/p>\n<p>Com esta ferramenta tamb\u00e9m podemos perceber uma futura queda no site, caso os usu\u00e1rios venham grande parte de links diretos e poucos de buscadores ou indica\u00e7\u00f5es. Nestes casos \u00e9 necess\u00e1rio um maior investimento em SEO e campanhas ou mesmo uma reformula\u00e7\u00e3o de conte\u00fado. Para descobrirmos se este p\u00fablico que acessa diretamente \u00e9 fiel e n\u00e3o usa o site apenas como p\u00e1gina inicial, podemos observar a taxa de rejei\u00e7\u00e3o e tempo de perman\u00eancia dele no site.<\/p>\n<h2>Porcentagem de Cliques<\/h2>\n<p>Um aplicativo extremamente \u00fatil. Sabendo us\u00e1-lo, torna-se uma ferramenta poderosa para fazer um levantamento da navega\u00e7\u00e3o do site. Esta ferramenta acessa literalmente o seu site e exibe, com porcentagens e n\u00fameros de cliques, onde os usu\u00e1rios clicam ao entrarem no aplicativo. Com isso podemos simular uma navega\u00e7\u00e3o perfeita do usu\u00e1rio. Se acessarmos uma p\u00e1gina espec\u00edfica, vai sinalizar como os usu\u00e1rios navegam nela. Assim podemos descobrir se o destaque planejado no layout esta realmente sendo eficaz ou descobrir um produto acessado que n\u00e3o tem a aten\u00e7\u00e3o merecida no site. As descobertas s\u00e3o in\u00fameras e varia de acordo com cada projeto. Para esta ferramenta, em especial, \u00e9 de extrema import\u00e2ncia o site estar bem diagramado e dentro das &#8216;boas normas&#8217; de SEO, tudo auxilia muito na leitura do site.<\/p>\n<h2>Considera\u00e7\u00f5es Finais<\/h2>\n<p>Estas s\u00e3o as principais ferramentas para entendermos como o usu\u00e1rio navega no site, lembrando que existem diversas outras, por\u00e9m \u00e9 importante entendermos como filtrar as informa\u00e7\u00f5es necess\u00e1rias e a partir disso tirarmos conclus\u00f5es para aprimoramento do site em todos os sentidos, sistemas, layout e campanhas para divulga\u00e7\u00e3o.<\/p>\n[button size=&#8221;large&#8221; color=&#8221;orange&#8221; link=&#8221;http:\/\/foccosti.com.br\/site\/orcamento\/&#8221;]solicite seu or\u00e7amento aqui[\/button]\n","protected":false},"excerpt":{"rendered":"<p>Tamanho Fonte A-AA+ google Analytics Para se obter uma melhor pr\u00e1tica e resultados com o SEO \u00e9 imprescind\u00edvel uma intera\u00e7\u00e3o com o Google Analytics ou algum sistema&#8230;<\/p>\n","protected":false},"author":1,"featured_media":0,"parent":0,"menu_order":0,"comment_status":"open","ping_status":"open","template":"fullwidth.php","meta":[],"yoast_head":"\n<title>Foccos | Google Analytics - Foccos Tecnologia<\/title>\n<meta name=\"description\" content=\"Google Analytics\" \/>\n<meta name=\"robots\" content=\"index, follow, max-snippet:-1, max-image-preview:large, max-video-preview:-1\" \/>\n<link rel=\"canonical\" href=\"https:\/\/foccosti.com.br\/site\/google-analytics\/\" \/>\n<meta name=\"twitter:label1\" content=\"Est. tempo de leitura\" \/>\n\t<meta name=\"twitter:data1\" content=\"5 minutos\" \/>\n<script type=\"application\/ld+json\" class=\"yoast-schema-graph\">{\"@context\":\"https:\/\/schema.org\",\"@graph\":[{\"@type\":\"WebSite\",\"@id\":\"https:\/\/foccosti.com.br\/site\/#website\",\"url\":\"https:\/\/foccosti.com.br\/site\/\",\"name\":\"Foccos Tecnologia\",\"description\":\"Foccos Tecnologia - Web Site - Loja Virtual - E-commerce - Uberaba - Web Design - Sistema de Gest\u00e3o - CRM - ERP\",\"potentialAction\":[{\"@type\":\"SearchAction\",\"target\":{\"@type\":\"EntryPoint\",\"urlTemplate\":\"https:\/\/foccosti.com.br\/site\/?s={search_term_string}\"},\"query-input\":\"required name=search_term_string\"}],\"inLanguage\":\"pt-BR\"},{\"@type\":\"WebPage\",\"@id\":\"https:\/\/foccosti.com.br\/site\/google-analytics\/\",\"url\":\"https:\/\/foccosti.com.br\/site\/google-analytics\/\",\"name\":\"Foccos | Google Analytics - Foccos Tecnologia\",\"isPartOf\":{\"@id\":\"https:\/\/foccosti.com.br\/site\/#website\"},\"datePublished\":\"2012-01-05T17:34:02+00:00\",\"dateModified\":\"2014-09-15T16:47:47+00:00\",\"description\":\"Google Analytics\",\"breadcrumb\":{\"@id\":\"https:\/\/foccosti.com.br\/site\/google-analytics\/#breadcrumb\"},\"inLanguage\":\"pt-BR\",\"potentialAction\":[{\"@type\":\"ReadAction\",\"target\":[\"https:\/\/foccosti.com.br\/site\/google-analytics\/\"]}]},{\"@type\":\"BreadcrumbList\",\"@id\":\"https:\/\/foccosti.com.br\/site\/google-analytics\/#breadcrumb\",\"itemListElement\":[{\"@type\":\"ListItem\",\"position\":1,\"name\":\"Foccos | Google Analytics\"}]}]}<\/script>\n","yoast_head_json":{"title":"Foccos | Google Analytics - Foccos Tecnologia","description":"Google Analytics","robots":{"index":"index","follow":"follow","max-snippet":"max-snippet:-1","max-image-preview":"max-image-preview:large","max-video-preview":"max-video-preview:-1"},"canonical":"https:\/\/foccosti.com.br\/site\/google-analytics\/","twitter_misc":{"Est. tempo de leitura":"5 minutos"},"schema":{"@context":"https:\/\/schema.org","@graph":[{"@type":"WebSite","@id":"https:\/\/foccosti.com.br\/site\/#website","url":"https:\/\/foccosti.com.br\/site\/","name":"Foccos Tecnologia","description":"Foccos Tecnologia - Web Site - Loja Virtual - E-commerce - Uberaba - Web Design - Sistema de Gest\u00e3o - CRM - ERP","potentialAction":[{"@type":"SearchAction","target":{"@type":"EntryPoint","urlTemplate":"https:\/\/foccosti.com.br\/site\/?s={search_term_string}"},"query-input":"required name=search_term_string"}],"inLanguage":"pt-BR"},{"@type":"WebPage","@id":"https:\/\/foccosti.com.br\/site\/google-analytics\/","url":"https:\/\/foccosti.com.br\/site\/google-analytics\/","name":"Foccos | Google Analytics - Foccos Tecnologia","isPartOf":{"@id":"https:\/\/foccosti.com.br\/site\/#website"},"datePublished":"2012-01-05T17:34:02+00:00","dateModified":"2014-09-15T16:47:47+00:00","description":"Google Analytics","breadcrumb":{"@id":"https:\/\/foccosti.com.br\/site\/google-analytics\/#breadcrumb"},"inLanguage":"pt-BR","potentialAction":[{"@type":"ReadAction","target":["https:\/\/foccosti.com.br\/site\/google-analytics\/"]}]},{"@type":"BreadcrumbList","@id":"https:\/\/foccosti.com.br\/site\/google-analytics\/#breadcrumb","itemListElement":[{"@type":"ListItem","position":1,"name":"Foccos | Google Analytics"}]}]}},"_links":{"self":[{"href":"https:\/\/foccosti.com.br\/site\/wp-json\/wp\/v2\/pages\/74"}],"collection":[{"href":"https:\/\/foccosti.com.br\/site\/wp-json\/wp\/v2\/pages"}],"about":[{"href":"https:\/\/foccosti.com.br\/site\/wp-json\/wp\/v2\/types\/page"}],"author":[{"embeddable":true,"href":"https:\/\/foccosti.com.br\/site\/wp-json\/wp\/v2\/users\/1"}],"replies":[{"embeddable":true,"href":"https:\/\/foccosti.com.br\/site\/wp-json\/wp\/v2\/comments?post=74"}],"version-history":[{"count":0,"href":"https:\/\/foccosti.com.br\/site\/wp-json\/wp\/v2\/pages\/74\/revisions"}],"wp:attachment":[{"href":"https:\/\/foccosti.com.br\/site\/wp-json\/wp\/v2\/media?parent=74"}],"curies":[{"name":"wp","href":"https:\/\/api.w.org\/{rel}","templated":true}]}}