{"id":77,"date":"2012-01-05T17:37:18","date_gmt":"2012-01-05T17:37:18","guid":{"rendered":"http:\/\/foccosti.com.br\/site\/?page_id=77"},"modified":"2014-09-15T16:47:52","modified_gmt":"2014-09-15T16:47:52","slug":"google-adwords","status":"publish","type":"page","link":"https:\/\/foccosti.com.br\/site\/google-adwords\/","title":{"rendered":"Foccos | Google Adwords"},"content":{"rendered":"<div class=\"zoomTexto\">\n<h3>Tamanho Fonte<\/h3>\n<p> <a href=\"javascript:void(0)\" class=\"diminiu\">A-<\/a><a href=\"javascript:void(0)\" class=\"normal\">A<\/a><a href=\"javascript:void(0)\" class=\"aumenta\">A+<\/a>\n<\/div>\n<div>\n<h2>DESTAQUE-SE no Google Adwords<\/h2>\n<p>A Foccos gerencia campanhas de links patrocinados (Google Adwords). Por ser uma empresa especializada, a Foccos traz os melhores resultados e otimiza o investimento de nossos clientes. Se voc\u00ea quer que sua empresa destaque-se de seus concorrentes e apare\u00e7a na primeira p\u00e1gina do Google, solicite um or\u00e7amento agora mesmo.<\/p>\n<p>Acerte no Alvo! Tecnicamente falando, Links Patrocinados (Sponsored Links) s\u00e3o os resultados de pesquisas em sites de busca como Google, Yahoo!, MSN, etc., que aparecem, geralmente, na lateral direita e no topo da tela do usu\u00e1rio, neste \u00faltimo caso com fundo azul ou outro tipo de destaque.<\/p>\n<h2><strong>BUZZ AND BRANDIG<\/strong><\/h2>\n<p>At\u00e9 1998, ningu\u00e9m imaginava que seria poss\u00edvel ganhar dinheiro com o sistema de resultados de um buscador, ou ainda, com websites corporativos e os meios de comunica\u00e7\u00e3o online.<\/p>\n<p>Foi neste ano que o empres\u00e1rio Bill Gross, atrav\u00e9s da empresa GoTo.com criou o &#8220;Link Patrocinado&#8221;, que \u00e9 hoje uma das formas de propaganda mais utilizadas para chamar a aten\u00e7\u00e3o do consumidor internauta. Por\u00e9m, foi em 2001, ap\u00f3s a empresa ser batizada de Overture, que o Google comprou, pela bagatela de $ 540 milh\u00f5es, o direito para poder utilizar os recursos da ferramenta.<\/p>\n<p>Achou bastante dinheiro? Pois em 2002 o site &#8220;Cad\u00ea?&#8221; (empresa do Yahoo!) come\u00e7ou a vender links patrocinados. Nesta \u00e9poca comecei anunciar im\u00e3s de geladeira e card\u00e1pios magn\u00e9ticos na internet. Em 2004, a Overture acabou sendo comprada pelo pr\u00f3prio Yahoo! por aproximadamente $ 2,8 bilh\u00f5es. Tr\u00eas anos depois, os investimentos em links patrocinados nos Estados Unidos j\u00e1 ultrapassavam a barreira dos $ 7,48 bilh\u00f5es.<\/p>\n<p>A principal vantagem de uma empresa que utiliza o link patrocinado como divulga\u00e7\u00e3o \u00e9 o seu posicionamento na p\u00e1gina de resultados dos buscadores. Isso porque a enorme maioria dos internautas clica nos links que encontra na primeira p\u00e1gina do Google e dos outros buscadores. Outra estrat\u00e9gia para a empresa \u00e9 a possibilidade de escolher as palavras-chave de busca, decidir o quanto vai gastar por campanha, se pagar\u00e1 pelos cliques, escolhe em quais sites quer anunciar e v\u00ea sua campanha de marketing digital ganhar o triplo de velocidade, caso n\u00e3o utilizasse esse recurso.<\/p>\n<p>Como resultado, a empresa ganha dinheiro com o site de uma forma geral e a cada clique feito por um consumidor. E como posso ter certeza disso? Basta ver uma pesquisa divulgada pela Forrester Research, onde 81% dos consumidores na internet encontram produtos usando sites de busca.<\/p>\n<p>S\u00e3o v\u00e1rios os cases de sucessos de campanhas com links patrocinados. Em minha empresa j\u00e1 tivemos v\u00e1rios e todos eles mostram que uma boa coloca\u00e7\u00e3o entre os primeiros resultados do Google aumenta de forma absurda o n\u00famero de visitas no site de uma empresa. A otimiza\u00e7\u00e3o do site tamb\u00e9m \u00e9 outro fator que contribui para alavancar as vendas online e aumentar os n\u00fameros das campanhas de marketing digital.<\/p>\n<p>O link patrocinado trabalha duplamente para efeitos imediatos de campanhas baseadas no marketing digital. Ele traz resultados no site, como tamb\u00e9m fora da internet. Com uma boa campanha, feita por especialistas da \u00e1rea, a empresa pode chegar ao topo dos sites de busca n\u00e3o s\u00f3 atrav\u00e9s do link pago, mas tamb\u00e9m pela busca org\u00e2nica. Nesta modalidade, de uma forma espont\u00e2nea e em decorr\u00eancia do bom desempenho atrav\u00e9s do link patrocinado, a empresa passa a estar entre as primeiras do chamado topo do Google.<\/p>\n<\/div>\n","protected":false},"excerpt":{"rendered":"<p>Tamanho Fonte A-AA+ DESTAQUE-SE no Google Adwords A Foccos gerencia campanhas de links patrocinados (Google Adwords). Por ser uma empresa especializada, a Foccos traz os melhores resultados&#8230;<\/p>\n","protected":false},"author":1,"featured_media":0,"parent":0,"menu_order":0,"comment_status":"open","ping_status":"open","template":"fullwidth.php","meta":[],"yoast_head":"\n<title>Foccos | Google Adwords - Foccos Tecnologia<\/title>\n<meta name=\"description\" content=\"Google Adwords\" \/>\n<meta name=\"robots\" content=\"index, follow, max-snippet:-1, max-image-preview:large, max-video-preview:-1\" \/>\n<link rel=\"canonical\" href=\"https:\/\/foccosti.com.br\/site\/google-adwords\/\" \/>\n<meta name=\"twitter:label1\" content=\"Est. tempo de leitura\" \/>\n\t<meta name=\"twitter:data1\" content=\"3 minutos\" \/>\n<script type=\"application\/ld+json\" class=\"yoast-schema-graph\">{\"@context\":\"https:\/\/schema.org\",\"@graph\":[{\"@type\":\"WebSite\",\"@id\":\"https:\/\/foccosti.com.br\/site\/#website\",\"url\":\"https:\/\/foccosti.com.br\/site\/\",\"name\":\"Foccos Tecnologia\",\"description\":\"Foccos Tecnologia - Web Site - Loja Virtual - E-commerce - Uberaba - Web Design - Sistema de Gest\u00e3o - CRM - ERP\",\"potentialAction\":[{\"@type\":\"SearchAction\",\"target\":{\"@type\":\"EntryPoint\",\"urlTemplate\":\"https:\/\/foccosti.com.br\/site\/?s={search_term_string}\"},\"query-input\":\"required name=search_term_string\"}],\"inLanguage\":\"pt-BR\"},{\"@type\":\"WebPage\",\"@id\":\"https:\/\/foccosti.com.br\/site\/google-adwords\/\",\"url\":\"https:\/\/foccosti.com.br\/site\/google-adwords\/\",\"name\":\"Foccos | Google Adwords - Foccos Tecnologia\",\"isPartOf\":{\"@id\":\"https:\/\/foccosti.com.br\/site\/#website\"},\"datePublished\":\"2012-01-05T17:37:18+00:00\",\"dateModified\":\"2014-09-15T16:47:52+00:00\",\"description\":\"Google Adwords\",\"breadcrumb\":{\"@id\":\"https:\/\/foccosti.com.br\/site\/google-adwords\/#breadcrumb\"},\"inLanguage\":\"pt-BR\",\"potentialAction\":[{\"@type\":\"ReadAction\",\"target\":[\"https:\/\/foccosti.com.br\/site\/google-adwords\/\"]}]},{\"@type\":\"BreadcrumbList\",\"@id\":\"https:\/\/foccosti.com.br\/site\/google-adwords\/#breadcrumb\",\"itemListElement\":[{\"@type\":\"ListItem\",\"position\":1,\"name\":\"Foccos | Google Adwords\"}]}]}<\/script>\n","yoast_head_json":{"title":"Foccos | Google Adwords - Foccos Tecnologia","description":"Google Adwords","robots":{"index":"index","follow":"follow","max-snippet":"max-snippet:-1","max-image-preview":"max-image-preview:large","max-video-preview":"max-video-preview:-1"},"canonical":"https:\/\/foccosti.com.br\/site\/google-adwords\/","twitter_misc":{"Est. tempo de leitura":"3 minutos"},"schema":{"@context":"https:\/\/schema.org","@graph":[{"@type":"WebSite","@id":"https:\/\/foccosti.com.br\/site\/#website","url":"https:\/\/foccosti.com.br\/site\/","name":"Foccos Tecnologia","description":"Foccos Tecnologia - Web Site - Loja Virtual - E-commerce - Uberaba - Web Design - Sistema de Gest\u00e3o - CRM - ERP","potentialAction":[{"@type":"SearchAction","target":{"@type":"EntryPoint","urlTemplate":"https:\/\/foccosti.com.br\/site\/?s={search_term_string}"},"query-input":"required name=search_term_string"}],"inLanguage":"pt-BR"},{"@type":"WebPage","@id":"https:\/\/foccosti.com.br\/site\/google-adwords\/","url":"https:\/\/foccosti.com.br\/site\/google-adwords\/","name":"Foccos | Google Adwords - Foccos Tecnologia","isPartOf":{"@id":"https:\/\/foccosti.com.br\/site\/#website"},"datePublished":"2012-01-05T17:37:18+00:00","dateModified":"2014-09-15T16:47:52+00:00","description":"Google Adwords","breadcrumb":{"@id":"https:\/\/foccosti.com.br\/site\/google-adwords\/#breadcrumb"},"inLanguage":"pt-BR","potentialAction":[{"@type":"ReadAction","target":["https:\/\/foccosti.com.br\/site\/google-adwords\/"]}]},{"@type":"BreadcrumbList","@id":"https:\/\/foccosti.com.br\/site\/google-adwords\/#breadcrumb","itemListElement":[{"@type":"ListItem","position":1,"name":"Foccos | Google Adwords"}]}]}},"_links":{"self":[{"href":"https:\/\/foccosti.com.br\/site\/wp-json\/wp\/v2\/pages\/77"}],"collection":[{"href":"https:\/\/foccosti.com.br\/site\/wp-json\/wp\/v2\/pages"}],"about":[{"href":"https:\/\/foccosti.com.br\/site\/wp-json\/wp\/v2\/types\/page"}],"author":[{"embeddable":true,"href":"https:\/\/foccosti.com.br\/site\/wp-json\/wp\/v2\/users\/1"}],"replies":[{"embeddable":true,"href":"https:\/\/foccosti.com.br\/site\/wp-json\/wp\/v2\/comments?post=77"}],"version-history":[{"count":0,"href":"https:\/\/foccosti.com.br\/site\/wp-json\/wp\/v2\/pages\/77\/revisions"}],"wp:attachment":[{"href":"https:\/\/foccosti.com.br\/site\/wp-json\/wp\/v2\/media?parent=77"}],"curies":[{"name":"wp","href":"https:\/\/api.w.org\/{rel}","templated":true}]}}