{"id":81,"date":"2012-01-05T17:39:15","date_gmt":"2012-01-05T17:39:15","guid":{"rendered":"http:\/\/foccosti.com.br\/site\/?page_id=81"},"modified":"2014-02-14T16:37:13","modified_gmt":"2014-02-14T16:37:13","slug":"marketing-digital-8-ps","status":"publish","type":"page","link":"https:\/\/foccosti.com.br\/site\/marketing-digital-8-ps\/","title":{"rendered":"Foccos | Marketing Digital 8 Ps"},"content":{"rendered":"<h2>Marketing Digital 8ps<\/h2>\n<p>Marketing Digital 8 Ps &#8211;\u00a0O m\u00e9todo de trabalho da Foccos se ap\u00f3ia em 8 passos bem definidos chamados os \u201c8 Ps do Marketing Digital\u201d, e tem sido comprovado pelo mercado dia a dia pelos resultados de nossos clientes.<\/p>\n<p>O m\u00e9todo 8 Ps contempla uma s\u00e9rie de passos que as empresas devem seguir para que tenham sucesso em sua estrat\u00e9gia de marketing digital e para que saibam o que devem fazer a cada etapa. O modelo 8 Ps baseia-se em explorar de forma sin\u00e9rgica as melhores ferramentas que a internet oferece hoje para o mercado com o objetivo de estruturar sistematicamente o que atualmente \u00e9 feito de forma amadora pela maior parte das empresas.<\/p>\n<p>Nossa metodologia \u00e9 um processo c\u00edclico que se renova a cada per\u00edodo fazendo com que a empresa tenha um resultado cada vez melhor a cada dia. Conhe\u00e7a a metodologia dos 8 Ps e entenda porque a Foccos \u00e9 a empresa ideal para ser sua parceira em estrat\u00e9gias de marketing digital.<\/p>\n<h2>Como Funciona Marketing Digital 8 Ps<\/h2>\n<h3><strong>1\u00ba P &#8211; PESQUISA<\/strong><\/h3>\n<p>Nesse primeiro passo a Foccos pesquisa os h\u00e1bitos de busca no Google, que revelam inten\u00e7\u00f5es de compra e necessidades do mercado, e, a partir da\u00ed, tra\u00e7a-se um perfil bem mais preciso do p\u00fablico-alvo.<\/p>\n<p>A Foccos TI tamb\u00e9m pesquisa o p\u00fablico-alvo em blog, f\u00f3runs e redes sociais para entender suas necessidades e desejos, desse modo, aliando as duas informa\u00e7\u00f5es, tra\u00e7amos um perfil mais preciso do consumidor para passarmos para a pr\u00f3xima etapa.<\/p>\n<h3><strong>2\u00ba P &#8211; PROJETO<\/strong><\/h3>\n<p>A partir do momento que a Foccos tem as informa\u00e7\u00f5es sobre os h\u00e1bitos de busca do p\u00fablico-alvo, foram criadas as condi\u00e7\u00f5es para que seja desenvolvido um projeto de marketing digital para a empresa.<\/p>\n<p>Tal projeto contempla os aspectos a serem desenvolvidos no site, a estrat\u00e9gia de marketing digital a ser implementada, as palavras-chave a serem otimizadas para o Google e outros aspectos fundamentais para o sucesso do neg\u00f3cio.<\/p>\n<h3><strong>3\u00ba P &#8211; PRODU\u00c7\u00c3O<\/strong><\/h3>\n<p>Ap\u00f3s o desenvolvimento e aprova\u00e7\u00e3o do projeto do 2\u00baP, a Foccos passa para a fase de programa\u00e7\u00e3o. Nessa etapa transformamos o que antes era uma ideia, em algo tang\u00edvel.<\/p>\n<p>A Foccos TI conta com uma competente equipe de programadores, jornalistas, arquitetos de informa\u00e7\u00e3o para entregar o projeto com crit\u00e9rios r\u00edgidos e custo, qualidade e prazo.<\/p>\n<h3><strong>4\u00ba P &#8211;<\/strong> PUBLICA\u00c7\u00c3O<\/h3>\n<p><strong><\/strong>Ap\u00f3s o site estar com toda a sua estrutura pronta, a Foccos aloca uma equipe de jornalistas para escrever o conte\u00fado do site segundo crit\u00e9rios de otimiza\u00e7\u00e3o para o Google e segundo t\u00e9cnicas persuasivas para o consumidor.<\/p>\n<p>Essa etapa \u00e9 dividida em duas partes: publica\u00e7\u00e3o de conte\u00fado para o pr\u00f3prio website e para outros canais como YouTube, SlideShare e outros. A Internet sem conte\u00fado n\u00e3o \u00e9 nada e \u00e9 justamente tal estrat\u00e9gia que gera uma imagem de credibilidade muito melhor para a empresa.<\/p>\n<h3><strong>5\u00ba P &#8211; PROMO\u00c7\u00c3O<\/strong><\/h3>\n<p>Dependendo dos objetivos de marketing da empresa, a etapa da promo\u00e7\u00e3o \u00e9 muito importante para gerar \u201cbuzz\u201d no mercado. S\u00e3o essas a\u00e7\u00f5es que geram resultados de venda a curto prazo.<\/p>\n<p>A Foccos confecciona a estrat\u00e9gia e o desenvolvimento de Hotsites promocionais, campanhas em links patrocinados, campanhas de e-mail marketing e outras a\u00e7\u00f5es ativas por parte da empresa s\u00e3o necess\u00e1rias para que aumentar os resultados.<\/p>\n<h3><strong>6\u00ba P &#8211;<\/strong> PROPAGA\u00c7\u00c3O<\/h3>\n<p>Uma vez que a empresa tem conte\u00fado relevante para o consumidor, que foi gerado no 4\u00ba P, e a\u00e7\u00f5es promocionais, desenvolvidas no quinto P, \u00e9 importante propagar tais atividades em redes sociais, f\u00f3runs, blog e afins.<\/p>\n<p>A Foccos mant\u00e9m uma equipe de profissionais respons\u00e1veis por divulga\u00e7\u00e3o da marca da empresa em ferramentas de web 2.0 para, com isso, transformar o consumidor em ve\u00edculo e gerar credibilidade.<\/p>\n<h3><strong>7\u00ba P &#8211;<\/strong> PERSONALIZA\u00c7\u00c3O<\/h3>\n<p>A Foccos tem a consci\u00eancia de que a empresa deve, n\u00e3o somente atrair continuamente novos clientes, mas vender cada vez mais para clientes antigos, atrav\u00e9s do marketing de relacionamento.<\/p>\n<p>Desenvolvemos para a empresa estrat\u00e9gias de marketing de relacionamento via web fidelizando e vendendo mais produtos e servi\u00e7os para clientes que j\u00e1 conhecem a empresa<\/p>\n<h3><strong>8\u00ba P &#8211; PRECIS\u00c3O<\/strong><\/h3>\n<p>Maior vantagem da internet \u00e9 a capacidade de mensura\u00e7\u00e3o de resultados de toda e qualquer a\u00e7\u00e3o realizada. A Foccos tem profissionais especializados em m\u00e9tricas para que mostre ao cliente o retorno alcan\u00e7ado e direcionar as pr\u00f3ximas a\u00e7\u00f5es.<\/p>\n<p>A partir do momento que a Foccos mede tais resultados, conhece-se melhor o p\u00fablico-alvo e volta-se para o primeiro passo melhorando a cada ciclo as a\u00e7\u00f5es dos outros Ps.<\/p>\n","protected":false},"excerpt":{"rendered":"<p>Marketing Digital 8ps Marketing Digital 8 Ps &#8211;\u00a0O m\u00e9todo de trabalho da Foccos se ap\u00f3ia em 8 passos bem definidos chamados os \u201c8 Ps do Marketing Digital\u201d,&#8230;<\/p>\n","protected":false},"author":1,"featured_media":0,"parent":0,"menu_order":0,"comment_status":"open","ping_status":"open","template":"fullwidth.php","meta":[],"yoast_head":"\n<title>Foccos | Marketing Digital 8 Ps - Foccos Tecnologia<\/title>\n<meta name=\"description\" content=\"Marketing Digital 8 Ps\" \/>\n<meta name=\"robots\" content=\"index, follow, max-snippet:-1, max-image-preview:large, max-video-preview:-1\" \/>\n<link rel=\"canonical\" href=\"https:\/\/foccosti.com.br\/site\/marketing-digital-8-ps\/\" \/>\n<meta name=\"twitter:label1\" content=\"Est. tempo de leitura\" \/>\n\t<meta name=\"twitter:data1\" content=\"4 minutos\" \/>\n<script type=\"application\/ld+json\" class=\"yoast-schema-graph\">{\"@context\":\"https:\/\/schema.org\",\"@graph\":[{\"@type\":\"WebSite\",\"@id\":\"https:\/\/foccosti.com.br\/site\/#website\",\"url\":\"https:\/\/foccosti.com.br\/site\/\",\"name\":\"Foccos Tecnologia\",\"description\":\"Foccos Tecnologia - Web Site - Loja Virtual - E-commerce - Uberaba - Web Design - Sistema de Gest\u00e3o - CRM - ERP\",\"potentialAction\":[{\"@type\":\"SearchAction\",\"target\":{\"@type\":\"EntryPoint\",\"urlTemplate\":\"https:\/\/foccosti.com.br\/site\/?s={search_term_string}\"},\"query-input\":\"required name=search_term_string\"}],\"inLanguage\":\"pt-BR\"},{\"@type\":\"WebPage\",\"@id\":\"https:\/\/foccosti.com.br\/site\/marketing-digital-8-ps\/\",\"url\":\"https:\/\/foccosti.com.br\/site\/marketing-digital-8-ps\/\",\"name\":\"Foccos | Marketing Digital 8 Ps - Foccos Tecnologia\",\"isPartOf\":{\"@id\":\"https:\/\/foccosti.com.br\/site\/#website\"},\"datePublished\":\"2012-01-05T17:39:15+00:00\",\"dateModified\":\"2014-02-14T16:37:13+00:00\",\"description\":\"Marketing Digital 8 Ps\",\"breadcrumb\":{\"@id\":\"https:\/\/foccosti.com.br\/site\/marketing-digital-8-ps\/#breadcrumb\"},\"inLanguage\":\"pt-BR\",\"potentialAction\":[{\"@type\":\"ReadAction\",\"target\":[\"https:\/\/foccosti.com.br\/site\/marketing-digital-8-ps\/\"]}]},{\"@type\":\"BreadcrumbList\",\"@id\":\"https:\/\/foccosti.com.br\/site\/marketing-digital-8-ps\/#breadcrumb\",\"itemListElement\":[{\"@type\":\"ListItem\",\"position\":1,\"name\":\"Foccos | Marketing Digital 8 Ps\"}]}]}<\/script>\n","yoast_head_json":{"title":"Foccos | Marketing Digital 8 Ps - Foccos Tecnologia","description":"Marketing Digital 8 Ps","robots":{"index":"index","follow":"follow","max-snippet":"max-snippet:-1","max-image-preview":"max-image-preview:large","max-video-preview":"max-video-preview:-1"},"canonical":"https:\/\/foccosti.com.br\/site\/marketing-digital-8-ps\/","twitter_misc":{"Est. tempo de leitura":"4 minutos"},"schema":{"@context":"https:\/\/schema.org","@graph":[{"@type":"WebSite","@id":"https:\/\/foccosti.com.br\/site\/#website","url":"https:\/\/foccosti.com.br\/site\/","name":"Foccos Tecnologia","description":"Foccos Tecnologia - Web Site - Loja Virtual - E-commerce - Uberaba - Web Design - Sistema de Gest\u00e3o - CRM - ERP","potentialAction":[{"@type":"SearchAction","target":{"@type":"EntryPoint","urlTemplate":"https:\/\/foccosti.com.br\/site\/?s={search_term_string}"},"query-input":"required name=search_term_string"}],"inLanguage":"pt-BR"},{"@type":"WebPage","@id":"https:\/\/foccosti.com.br\/site\/marketing-digital-8-ps\/","url":"https:\/\/foccosti.com.br\/site\/marketing-digital-8-ps\/","name":"Foccos | Marketing Digital 8 Ps - Foccos Tecnologia","isPartOf":{"@id":"https:\/\/foccosti.com.br\/site\/#website"},"datePublished":"2012-01-05T17:39:15+00:00","dateModified":"2014-02-14T16:37:13+00:00","description":"Marketing Digital 8 Ps","breadcrumb":{"@id":"https:\/\/foccosti.com.br\/site\/marketing-digital-8-ps\/#breadcrumb"},"inLanguage":"pt-BR","potentialAction":[{"@type":"ReadAction","target":["https:\/\/foccosti.com.br\/site\/marketing-digital-8-ps\/"]}]},{"@type":"BreadcrumbList","@id":"https:\/\/foccosti.com.br\/site\/marketing-digital-8-ps\/#breadcrumb","itemListElement":[{"@type":"ListItem","position":1,"name":"Foccos | Marketing Digital 8 Ps"}]}]}},"_links":{"self":[{"href":"https:\/\/foccosti.com.br\/site\/wp-json\/wp\/v2\/pages\/81"}],"collection":[{"href":"https:\/\/foccosti.com.br\/site\/wp-json\/wp\/v2\/pages"}],"about":[{"href":"https:\/\/foccosti.com.br\/site\/wp-json\/wp\/v2\/types\/page"}],"author":[{"embeddable":true,"href":"https:\/\/foccosti.com.br\/site\/wp-json\/wp\/v2\/users\/1"}],"replies":[{"embeddable":true,"href":"https:\/\/foccosti.com.br\/site\/wp-json\/wp\/v2\/comments?post=81"}],"version-history":[{"count":0,"href":"https:\/\/foccosti.com.br\/site\/wp-json\/wp\/v2\/pages\/81\/revisions"}],"wp:attachment":[{"href":"https:\/\/foccosti.com.br\/site\/wp-json\/wp\/v2\/media?parent=81"}],"curies":[{"name":"wp","href":"https:\/\/api.w.org\/{rel}","templated":true}]}}